{"id":2787,"date":"2025-01-27T10:16:58","date_gmt":"2025-01-27T09:16:58","guid":{"rendered":"https:\/\/welkerlab.hu\/?page_id=2787"},"modified":"2026-04-16T12:32:56","modified_gmt":"2026-04-16T10:32:56","slug":"hek293-clover-sejtvonal","status":"publish","type":"page","link":"https:\/\/welkerlab.hu\/en\/hek293-clover-sejtvonal\/","title":{"rendered":"HEK293.clover<br>cell line"},"content":{"rendered":"<div data-elementor-type=\"wp-page\" data-elementor-id=\"2787\" class=\"elementor elementor-2787\">\n\t\t\t\t<div class=\"elementor-element elementor-element-3feac28 e-flex e-con-boxed e-con e-parent\" data-id=\"3feac28\" data-element_type=\"container\" data-e-type=\"container\" data-settings=\"{&quot;background_background&quot;:&quot;classic&quot;}\">\n\t\t\t\t\t<div class=\"e-con-inner\">\n\t\t<div class=\"elementor-element elementor-element-3c9ee12 e-con-full e-flex e-con e-child\" data-id=\"3c9ee12\" data-element_type=\"container\" data-e-type=\"container\">\n\t\t\t\t<div class=\"elementor-element elementor-element-ead453d elementor-widget elementor-widget-heading\" data-id=\"ead453d\" data-element_type=\"widget\" data-e-type=\"widget\" data-widget_type=\"heading.default\">\n\t\t\t\t<div class=\"elementor-widget-container\">\n\t\t\t\t\t<h2 class=\"elementor-heading-title elementor-size-default\">HEK293.clover<br>cell line<\/h2>\t\t\t\t<\/div>\n\t\t\t\t<\/div>\n\t\t\t\t<div class=\"elementor-element elementor-element-94ae5c8 elementor-widget-divider--view-line elementor-widget elementor-widget-divider\" data-id=\"94ae5c8\" data-element_type=\"widget\" data-e-type=\"widget\" data-widget_type=\"divider.default\">\n\t\t\t\t<div class=\"elementor-widget-container\">\n\t\t\t\t\t\t\t<div class=\"elementor-divider\">\n\t\t\t<span class=\"elementor-divider-separator\">\n\t\t\t\t\t\t<\/span>\n\t\t<\/div>\n\t\t\t\t\t\t<\/div>\n\t\t\t\t<\/div>\n\t\t\t\t<\/div>\n\t\t\t\t\t<\/div>\n\t\t\t\t<\/div>\n\t\t<div class=\"elementor-element elementor-element-7292c43 e-flex e-con-boxed e-con e-parent\" data-id=\"7292c43\" data-element_type=\"container\" data-e-type=\"container\">\n\t\t\t\t\t<div class=\"e-con-inner\">\n\t\t\t\t<div class=\"elementor-element elementor-element-a5b9302 elementor-widget elementor-widget-text-editor\" data-id=\"a5b9302\" data-element_type=\"widget\" data-e-type=\"widget\" data-widget_type=\"text-editor.default\">\n\t\t\t\t<div class=\"elementor-widget-container\">\n\t\t\t\t\t\t\t\t\t<p>The HEK293.clover cell line was designed to test the cleavage efficiency of Cas12a nucleases with the TTTN PAM sequence by a large target disruption assay. HEK293.clover cells were generated as follows: a modified clover sequence was inserted after the ATG of human prion protein coding sequence with a self-cleaving donor plasmid by NHEJ-knock-in in HEK293 cells (293 H, Gibco).<\/p><p><strong>Modified clover sequence<\/strong><br \/>Three consecutive thymidines or adenines are marked by yellow or blue, respectively.<\/p>\t\t\t\t\t\t\t\t<\/div>\n\t\t\t\t<\/div>\n\t\t\t\t<div class=\"elementor-element elementor-element-b538451 elementor-widget elementor-widget-image\" data-id=\"b538451\" data-element_type=\"widget\" data-e-type=\"widget\" data-widget_type=\"image.default\">\n\t\t\t\t<div class=\"elementor-widget-container\">\n\t\t\t\t\t\t\t\t\t\t\t\t\t\t\t<img fetchpriority=\"high\" decoding=\"async\" width=\"1024\" height=\"393\" src=\"https:\/\/welkerlab.hu\/wp-content\/uploads\/2025\/01\/clover-1024x393.jpg\" class=\"attachment-large size-large wp-image-2817\" alt=\"\" srcset=\"https:\/\/welkerlab.hu\/wp-content\/uploads\/2025\/01\/clover-1024x393.jpg 1024w, https:\/\/welkerlab.hu\/wp-content\/uploads\/2025\/01\/clover-300x115.jpg 300w, https:\/\/welkerlab.hu\/wp-content\/uploads\/2025\/01\/clover-768x295.jpg 768w, https:\/\/welkerlab.hu\/wp-content\/uploads\/2025\/01\/clover-18x7.jpg 18w, https:\/\/welkerlab.hu\/wp-content\/uploads\/2025\/01\/clover.jpg 1403w\" sizes=\"(max-width: 1024px) 100vw, 1024px\" \/>\t\t\t\t\t\t\t\t\t\t\t\t\t\t\t<\/div>\n\t\t\t\t<\/div>\n\t\t\t\t<div class=\"elementor-element elementor-element-f76f1c1 elementor-widget elementor-widget-text-editor\" data-id=\"f76f1c1\" data-element_type=\"widget\" data-e-type=\"widget\" data-widget_type=\"text-editor.default\">\n\t\t\t\t<div class=\"elementor-widget-container\">\n\t\t\t\t\t\t\t\t\t<p><strong>Disruption assay<\/strong><br \/>Cells were plated one day prior to transfection on 48-well plates at a density of approximately 25,000-30,000 cells\/well. Cells were co-transfected with two types of plasmids: Cas12a variant expression plasmid (137 ng) and crRNA and mCherry coding plasmid (97 ng) using 1 \u00b5L Turbofect reagent per well in 48-well plates. Transfected cells were analysed six days post-transfection by flow cytometry. For control an inactive LbCas12a expressing nuclease vector was used. Disruption activities of the nucleases were calculated as follows: <br \/>1 \u2013 (sample GFP % \/ average GFP % of negative controls) <br \/>Transfection efficiency was calculated via mCherry expressing cells. Transfections were performed in triplicate.<\/p>\t\t\t\t\t\t\t\t<\/div>\n\t\t\t\t<\/div>\n\t\t\t\t<div class=\"elementor-element elementor-element-a6626c5 elementor-widget elementor-widget-text-editor\" data-id=\"a6626c5\" data-element_type=\"widget\" data-e-type=\"widget\" data-widget_type=\"text-editor.default\">\n\t\t\t\t<div class=\"elementor-widget-container\">\n\t\t\t\t\t\t\t\t\t<p><strong>Reference<\/strong><br \/>T\u00f3th, Eszter ; Varga, \u00c9va ; Kulcs\u00e1r, P\u00e9ter Istv\u00e1n ; Kocsis-Jutka, Vir\u00e1g ; Krausz, Sarah Laura ; Nyeste, Antal ; Welker, Zsombor ; Husz\u00e1r, Krisztina ; Ligeti, Zolt\u00e1n ; T\u00e1las, Andr\u00e1s ; Welker, Ervin<br \/><em>Improved LbCas12a variants with altered PAM specificities further broaden the genome targeting range of Cas12a nucleases<\/em><br \/>NUCLEIC ACIDS RESEARCH 48 : 7 pp. 3722-3733. , 12 p. (2020)<\/p>\t\t\t\t\t\t\t\t<\/div>\n\t\t\t\t<\/div>\n\t\t\t\t<div class=\"elementor-element elementor-element-312a096 elementor-align-left elementor-widget elementor-widget-button\" data-id=\"312a096\" data-element_type=\"widget\" data-e-type=\"widget\" data-widget_type=\"button.default\">\n\t\t\t\t<div class=\"elementor-widget-container\">\n\t\t\t\t\t\t\t\t\t<div class=\"elementor-button-wrapper\">\n\t\t\t\t\t<a class=\"elementor-button elementor-button-link elementor-size-sm elementor-animation-grow\" href=\"https:\/\/academic.oup.com\/nar\/article\/48\/7\/3722\/5763098?login=false\" target=\"_blank\">\n\t\t\t\t\t\t<span class=\"elementor-button-content-wrapper\">\n\t\t\t\t\t\t<span class=\"elementor-button-icon\">\n\t\t\t\t<svg aria-hidden=\"true\" class=\"e-font-icon-svg e-fas-angle-double-right\" viewbox=\"0 0 448 512\" xmlns=\"http:\/\/www.w3.org\/2000\/svg\"><path d=\"M224.3 273l-136 136c-9.4 9.4-24.6 9.4-33.9 0l-22.6-22.6c-9.4-9.4-9.4-24.6 0-33.9l96.4-96.4-96.4-96.4c-9.4-9.4-9.4-24.6 0-33.9L54.3 103c9.4-9.4 24.6-9.4 33.9 0l136 136c9.5 9.4 9.5 24.6.1 34zm192-34l-136-136c-9.4-9.4-24.6-9.4-33.9 0l-22.6 22.6c-9.4 9.4-9.4 24.6 0 33.9l96.4 96.4-96.4 96.4c-9.4 9.4-9.4 24.6 0 33.9l22.6 22.6c9.4 9.4 24.6 9.4 33.9 0l136-136c9.4-9.2 9.4-24.4 0-33.8z\"><\/path><\/svg>\t\t\t<\/span>\n\t\t\t\t\t\t\t\t\t<span class=\"elementor-button-text\">View publication<\/span>\n\t\t\t\t\t<\/span>\n\t\t\t\t\t<\/a>\n\t\t\t\t<\/div>\n\t\t\t\t\t\t\t\t<\/div>\n\t\t\t\t<\/div>\n\t\t\t\t\t<\/div>\n\t\t\t\t<\/div>\n\t\t\t\t<\/div>","protected":false},"excerpt":{"rendered":"<p>HEK293.clover sejtvonal A HEK293.clover sejtvonalat arra hoztuk l\u00e9tre, hogy a TTTN PAM szekvenci\u00e1val rendelkez\u0151 Cas12a nukle\u00e1zok has\u00edt\u00e1si hat\u00e9konys\u00e1g\u00e1t is tudjuk vizsg\u00e1lni nagysz\u00e1m\u00fa targeten disruption assay-vel. A m\u00f3dos\u00edtott clover szekvencia a hum\u00e1n prion feh\u00e9rje ATG-je ut\u00e1n ker\u00fclt beilleszt\u00e9sre a HEK293 sejtek (293 H, Gibco) genomj\u00e1ba egy \u00f6nhas\u00edt\u00f3 donor plazmiddal, NHEJ-knock-in seg\u00edts\u00e9g\u00e9vel. M\u00f3dos\u00edtott clover szekvenciaH\u00e1rom egym\u00e1st k\u00f6vet\u0151 [&hellip;]<\/p>","protected":false},"author":1,"featured_media":0,"parent":0,"menu_order":0,"comment_status":"closed","ping_status":"closed","template":"elementor_header_footer","meta":{"site-sidebar-layout":"no-sidebar","site-content-layout":"page-builder","ast-site-content-layout":"full-width-container","site-content-style":"unboxed","site-sidebar-style":"unboxed","ast-global-header-display":"","ast-banner-title-visibility":"","ast-main-header-display":"","ast-hfb-above-header-display":"","ast-hfb-below-header-display":"","ast-hfb-mobile-header-display":"","site-post-title":"","ast-breadcrumbs-content":"","ast-featured-img":"disabled","footer-sml-layout":"","theme-transparent-header-meta":"","adv-header-id-meta":"","stick-header-meta":"","header-above-stick-meta":"","header-main-stick-meta":"","header-below-stick-meta":"","astra-migrate-meta-layouts":"set","ast-page-background-enabled":"default","ast-page-background-meta":{"desktop":{"background-color":"","background-image":"","background-repeat":"repeat","background-position":"center center","background-size":"auto","background-attachment":"scroll","background-type":"","background-media":"","overlay-type":"","overlay-color":"","overlay-gradient":""},"tablet":{"background-color":"","background-image":"","background-repeat":"repeat","background-position":"center center","background-size":"auto","background-attachment":"scroll","background-type":"","background-media":"","overlay-type":"","overlay-color":"","overlay-gradient":""},"mobile":{"background-color":"","background-image":"","background-repeat":"repeat","background-position":"center center","background-size":"auto","background-attachment":"scroll","background-type":"","background-media":"","overlay-type":"","overlay-color":"","overlay-gradient":""}},"ast-content-background-meta":{"desktop":{"background-color":"var(--ast-global-color-5)","background-image":"","background-repeat":"repeat","background-position":"center center","background-size":"auto","background-attachment":"scroll","background-type":"","background-media":"","overlay-type":"","overlay-color":"","overlay-gradient":""},"tablet":{"background-color":"var(--ast-global-color-5)","background-image":"","background-repeat":"repeat","background-position":"center center","background-size":"auto","background-attachment":"scroll","background-type":"","background-media":"","overlay-type":"","overlay-color":"","overlay-gradient":""},"mobile":{"background-color":"var(--ast-global-color-5)","background-image":"","background-repeat":"repeat","background-position":"center center","background-size":"auto","background-attachment":"scroll","background-type":"","background-media":"","overlay-type":"","overlay-color":"","overlay-gradient":""}},"footnotes":""},"class_list":["post-2787","page","type-page","status-publish","hentry"],"_links":{"self":[{"href":"https:\/\/welkerlab.hu\/en\/wp-json\/wp\/v2\/pages\/2787","targetHints":{"allow":["GET"]}}],"collection":[{"href":"https:\/\/welkerlab.hu\/en\/wp-json\/wp\/v2\/pages"}],"about":[{"href":"https:\/\/welkerlab.hu\/en\/wp-json\/wp\/v2\/types\/page"}],"author":[{"embeddable":true,"href":"https:\/\/welkerlab.hu\/en\/wp-json\/wp\/v2\/users\/1"}],"replies":[{"embeddable":true,"href":"https:\/\/welkerlab.hu\/en\/wp-json\/wp\/v2\/comments?post=2787"}],"version-history":[{"count":16,"href":"https:\/\/welkerlab.hu\/en\/wp-json\/wp\/v2\/pages\/2787\/revisions"}],"predecessor-version":[{"id":3191,"href":"https:\/\/welkerlab.hu\/en\/wp-json\/wp\/v2\/pages\/2787\/revisions\/3191"}],"wp:attachment":[{"href":"https:\/\/welkerlab.hu\/en\/wp-json\/wp\/v2\/media?parent=2787"}],"curies":[{"name":"wp","href":"https:\/\/api.w.org\/{rel}","templated":true}]}}