{"id":2739,"date":"2025-01-27T08:43:21","date_gmt":"2025-01-27T07:43:21","guid":{"rendered":"https:\/\/welkerlab.hu\/?page_id=2739"},"modified":"2025-03-07T15:24:14","modified_gmt":"2025-03-07T14:24:14","slug":"bear","status":"publish","type":"page","link":"https:\/\/welkerlab.hu\/en\/bear\/","title":{"rendered":"BEAR"},"content":{"rendered":"<div data-elementor-type=\"wp-page\" data-elementor-id=\"2739\" class=\"elementor elementor-2739\">\n\t\t\t\t<div class=\"elementor-element elementor-element-3feac28 e-flex e-con-boxed e-con e-parent\" data-id=\"3feac28\" data-element_type=\"container\" data-e-type=\"container\" data-settings=\"{&quot;background_background&quot;:&quot;classic&quot;}\">\n\t\t\t\t\t<div class=\"e-con-inner\">\n\t\t<div class=\"elementor-element elementor-element-3c9ee12 e-con-full e-flex e-con e-child\" data-id=\"3c9ee12\" data-element_type=\"container\" data-e-type=\"container\">\n\t\t\t\t<div class=\"elementor-element elementor-element-ead453d elementor-widget elementor-widget-heading\" data-id=\"ead453d\" data-element_type=\"widget\" data-e-type=\"widget\" data-widget_type=\"heading.default\">\n\t\t\t\t<div class=\"elementor-widget-container\">\n\t\t\t\t\t<h2 class=\"elementor-heading-title elementor-size-default\">Base Editor Activity Reporter (BEAR)<\/h2>\t\t\t\t<\/div>\n\t\t\t\t<\/div>\n\t\t\t\t<div class=\"elementor-element elementor-element-94ae5c8 elementor-widget-divider--view-line elementor-widget elementor-widget-divider\" data-id=\"94ae5c8\" data-element_type=\"widget\" data-e-type=\"widget\" data-widget_type=\"divider.default\">\n\t\t\t\t<div class=\"elementor-widget-container\">\n\t\t\t\t\t\t\t<div class=\"elementor-divider\">\n\t\t\t<span class=\"elementor-divider-separator\">\n\t\t\t\t\t\t<\/span>\n\t\t<\/div>\n\t\t\t\t\t\t<\/div>\n\t\t\t\t<\/div>\n\t\t\t\t<\/div>\n\t\t\t\t\t<\/div>\n\t\t\t\t<\/div>\n\t\t<div class=\"elementor-element elementor-element-8ccb380 e-flex e-con-boxed e-con e-parent\" data-id=\"8ccb380\" data-element_type=\"container\" data-e-type=\"container\">\n\t\t\t\t\t<div class=\"e-con-inner\">\n\t\t<div class=\"elementor-element elementor-element-164cefa e-con-full e-flex e-con e-child\" data-id=\"164cefa\" data-element_type=\"container\" data-e-type=\"container\">\n\t\t\t\t<div class=\"elementor-element elementor-element-30c93ad elementor-widget elementor-widget-text-editor\" data-id=\"30c93ad\" data-element_type=\"widget\" data-e-type=\"widget\" data-widget_type=\"text-editor.default\">\n\t\t\t\t<div class=\"elementor-widget-container\">\n\t\t\t\t\t\t\t\t\tThe adenine and cytosine base editors (ABE, CBE) have enabled base-pair precision gene editing. BEAR is a plasmid-based reporter system that can be used to test the efficiency of ABE and CBE editors for almost any target sequence. The advantage of the BEAR reporter system is that it can be used to test the editing efficiency of targets independently of the genomic context.\t\t\t\t\t\t\t\t<\/div>\n\t\t\t\t<\/div>\n\t\t\t\t<div class=\"elementor-element elementor-element-5689367 elementor-widget elementor-widget-image\" data-id=\"5689367\" data-element_type=\"widget\" data-e-type=\"widget\" data-widget_type=\"image.default\">\n\t\t\t\t<div class=\"elementor-widget-container\">\n\t\t\t\t\t\t\t\t\t\t\t\t\t\t\t<img fetchpriority=\"high\" decoding=\"async\" width=\"1024\" height=\"381\" src=\"https:\/\/welkerlab.hu\/wp-content\/uploads\/2025\/01\/bear-1024x381.jpg\" class=\"attachment-large size-large wp-image-2756\" alt=\"\" srcset=\"https:\/\/welkerlab.hu\/wp-content\/uploads\/2025\/01\/bear-1024x381.jpg 1024w, https:\/\/welkerlab.hu\/wp-content\/uploads\/2025\/01\/bear-300x112.jpg 300w, https:\/\/welkerlab.hu\/wp-content\/uploads\/2025\/01\/bear-768x286.jpg 768w, https:\/\/welkerlab.hu\/wp-content\/uploads\/2025\/01\/bear-1536x571.jpg 1536w, https:\/\/welkerlab.hu\/wp-content\/uploads\/2025\/01\/bear-18x7.jpg 18w, https:\/\/welkerlab.hu\/wp-content\/uploads\/2025\/01\/bear.jpg 1586w\" sizes=\"(max-width: 1024px) 100vw, 1024px\" \/>\t\t\t\t\t\t\t\t\t\t\t\t\t\t\t<\/div>\n\t\t\t\t<\/div>\n\t\t\t\t<div class=\"elementor-element elementor-element-67733bb elementor-widget elementor-widget-text-editor\" data-id=\"67733bb\" data-element_type=\"widget\" data-e-type=\"widget\" data-widget_type=\"text-editor.default\">\n\t\t\t\t<div class=\"elementor-widget-container\">\n\t\t\t\t\t\t\t\t\t<p class=\" translation-block\"><strong>Principle of the base editor activity reporter (BEAR) assay.<\/strong> BEAR consists of a split GFP coding sequence (green) separated by an intron of which splice donor site is altered to \u2018AC\u2019, resulting in a dysfunctional protein (grey). This inactive splice donor site can be rescued either by ABEs reverting the \u2018AC\u2019 splice donor site to \u2018AT\u2019 or by CBEs reverting the \u2018AC\u2019 splice donor site to \u2018GC\u2019, respectively. \u2018AT\u2019 and \u2018GC\u2019 are known to be functional non-canonical splice donor sites in the human genome.<\/p>\t\t\t\t\t\t\t\t<\/div>\n\t\t\t\t<\/div>\n\t\t\t\t<div class=\"elementor-element elementor-element-d97daa7 elementor-widget elementor-widget-text-editor\" data-id=\"d97daa7\" data-element_type=\"widget\" data-e-type=\"widget\" data-widget_type=\"text-editor.default\">\n\t\t\t\t<div class=\"elementor-widget-container\">\n\t\t\t\t\t\t\t\t\t<p><strong>Reference<\/strong><br \/>T\u00e1las, Andr\u00e1s ; Simon, Dorottya Anna ; Kulcs\u00e1r, P\u00e9ter Istv\u00e1n ; Varga, \u00c9va ; Krausz, Sarah Laura ; Welker, Ervin<br \/><em>BEAR reveals that increased fidelity variants can successfully reduce the mismatch tolerance of adenine but not cytosine base editors<\/em><br \/>NATURE COMMUNICATIONS 12 : 1 Paper: 6353 , 14 p. (2021)<\/p>\t\t\t\t\t\t\t\t<\/div>\n\t\t\t\t<\/div>\n\t\t\t\t<div class=\"elementor-element elementor-element-5077cde elementor-align-left elementor-widget elementor-widget-button\" data-id=\"5077cde\" data-element_type=\"widget\" data-e-type=\"widget\" data-widget_type=\"button.default\">\n\t\t\t\t<div class=\"elementor-widget-container\">\n\t\t\t\t\t\t\t\t\t<div class=\"elementor-button-wrapper\">\n\t\t\t\t\t<a class=\"elementor-button elementor-button-link elementor-size-sm elementor-animation-grow\" href=\"https:\/\/www.nature.com\/articles\/s41467-021-26461-y\" target=\"_blank\">\n\t\t\t\t\t\t<span class=\"elementor-button-content-wrapper\">\n\t\t\t\t\t\t<span class=\"elementor-button-icon\">\n\t\t\t\t<svg aria-hidden=\"true\" class=\"e-font-icon-svg e-fas-angle-double-right\" viewbox=\"0 0 448 512\" xmlns=\"http:\/\/www.w3.org\/2000\/svg\"><path d=\"M224.3 273l-136 136c-9.4 9.4-24.6 9.4-33.9 0l-22.6-22.6c-9.4-9.4-9.4-24.6 0-33.9l96.4-96.4-96.4-96.4c-9.4-9.4-9.4-24.6 0-33.9L54.3 103c9.4-9.4 24.6-9.4 33.9 0l136 136c9.5 9.4 9.5 24.6.1 34zm192-34l-136-136c-9.4-9.4-24.6-9.4-33.9 0l-22.6 22.6c-9.4 9.4-9.4 24.6 0 33.9l96.4 96.4-96.4 96.4c-9.4 9.4-9.4 24.6 0 33.9l22.6 22.6c9.4 9.4 24.6 9.4 33.9 0l136-136c9.4-9.2 9.4-24.4 0-33.8z\"><\/path><\/svg>\t\t\t<\/span>\n\t\t\t\t\t\t\t\t\t<span class=\"elementor-button-text\">View publication<\/span>\n\t\t\t\t\t<\/span>\n\t\t\t\t\t<\/a>\n\t\t\t\t<\/div>\n\t\t\t\t\t\t\t\t<\/div>\n\t\t\t\t<\/div>\n\t\t\t\t<\/div>\n\t\t\t\t\t<\/div>\n\t\t\t\t<\/div>\n\t\t\t\t<\/div>","protected":false},"excerpt":{"rendered":"<p>Base Editor Activity Reporter (BEAR) Az adenin- \u00e9s citozin- base editorok (ABE, CBE) \u00e1ltal lehet\u0151v\u00e9 v\u00e1lt a b\u00e1zisp\u00e1r pontoss\u00e1g\u00fa g\u00e9nszerkeszt\u00e9s. A BEAR egy plazmid-alap\u00fa riporter rendszer, melynek seg\u00edts\u00e9g\u00e9vel ABE \u00e9s CBE editorok hat\u00e9konys\u00e1ga vizsg\u00e1lhat\u00f3 gyakorlatilag b\u00e1rmilyen target szekvencia eset\u00e9ben. A BEAR riporter rendszer el\u0151nye, hogy a genomi kontextust\u00f3l f\u00fcggetlen\u00fcl vizsg\u00e1lhat\u00f3 benne a targetek edit\u00e1l\u00e1si hat\u00e9konys\u00e1ga. [&hellip;]<\/p>","protected":false},"author":1,"featured_media":0,"parent":0,"menu_order":0,"comment_status":"closed","ping_status":"closed","template":"elementor_header_footer","meta":{"site-sidebar-layout":"no-sidebar","site-content-layout":"page-builder","ast-site-content-layout":"full-width-container","site-content-style":"unboxed","site-sidebar-style":"unboxed","ast-global-header-display":"","ast-banner-title-visibility":"","ast-main-header-display":"","ast-hfb-above-header-display":"","ast-hfb-below-header-display":"","ast-hfb-mobile-header-display":"","site-post-title":"","ast-breadcrumbs-content":"","ast-featured-img":"disabled","footer-sml-layout":"","theme-transparent-header-meta":"","adv-header-id-meta":"","stick-header-meta":"","header-above-stick-meta":"","header-main-stick-meta":"","header-below-stick-meta":"","astra-migrate-meta-layouts":"set","ast-page-background-enabled":"default","ast-page-background-meta":{"desktop":{"background-color":"","background-image":"","background-repeat":"repeat","background-position":"center center","background-size":"auto","background-attachment":"scroll","background-type":"","background-media":"","overlay-type":"","overlay-color":"","overlay-gradient":""},"tablet":{"background-color":"","background-image":"","background-repeat":"repeat","background-position":"center center","background-size":"auto","background-attachment":"scroll","background-type":"","background-media":"","overlay-type":"","overlay-color":"","overlay-gradient":""},"mobile":{"background-color":"","background-image":"","background-repeat":"repeat","background-position":"center center","background-size":"auto","background-attachment":"scroll","background-type":"","background-media":"","overlay-type":"","overlay-color":"","overlay-gradient":""}},"ast-content-background-meta":{"desktop":{"background-color":"var(--ast-global-color-5)","background-image":"","background-repeat":"repeat","background-position":"center center","background-size":"auto","background-attachment":"scroll","background-type":"","background-media":"","overlay-type":"","overlay-color":"","overlay-gradient":""},"tablet":{"background-color":"var(--ast-global-color-5)","background-image":"","background-repeat":"repeat","background-position":"center center","background-size":"auto","background-attachment":"scroll","background-type":"","background-media":"","overlay-type":"","overlay-color":"","overlay-gradient":""},"mobile":{"background-color":"var(--ast-global-color-5)","background-image":"","background-repeat":"repeat","background-position":"center center","background-size":"auto","background-attachment":"scroll","background-type":"","background-media":"","overlay-type":"","overlay-color":"","overlay-gradient":""}},"footnotes":""},"class_list":["post-2739","page","type-page","status-publish","hentry"],"_links":{"self":[{"href":"https:\/\/welkerlab.hu\/en\/wp-json\/wp\/v2\/pages\/2739","targetHints":{"allow":["GET"]}}],"collection":[{"href":"https:\/\/welkerlab.hu\/en\/wp-json\/wp\/v2\/pages"}],"about":[{"href":"https:\/\/welkerlab.hu\/en\/wp-json\/wp\/v2\/types\/page"}],"author":[{"embeddable":true,"href":"https:\/\/welkerlab.hu\/en\/wp-json\/wp\/v2\/users\/1"}],"replies":[{"embeddable":true,"href":"https:\/\/welkerlab.hu\/en\/wp-json\/wp\/v2\/comments?post=2739"}],"version-history":[{"count":42,"href":"https:\/\/welkerlab.hu\/en\/wp-json\/wp\/v2\/pages\/2739\/revisions"}],"predecessor-version":[{"id":2903,"href":"https:\/\/welkerlab.hu\/en\/wp-json\/wp\/v2\/pages\/2739\/revisions\/2903"}],"wp:attachment":[{"href":"https:\/\/welkerlab.hu\/en\/wp-json\/wp\/v2\/media?parent=2739"}],"curies":[{"name":"wp","href":"https:\/\/api.w.org\/{rel}","templated":true}]}}