{"id":2726,"date":"2025-01-13T08:51:19","date_gmt":"2025-01-13T07:51:19","guid":{"rendered":"https:\/\/welkerlab.hu\/?page_id=2726"},"modified":"2025-03-07T10:57:01","modified_gmt":"2025-03-07T09:57:01","slug":"eroforrasok","status":"publish","type":"page","link":"https:\/\/welkerlab.hu\/en\/eroforrasok\/","title":{"rendered":"Resources"},"content":{"rendered":"<div data-elementor-type=\"wp-page\" data-elementor-id=\"2726\" class=\"elementor elementor-2726\">\n\t\t\t\t<div class=\"elementor-element elementor-element-3feac28 e-flex e-con-boxed e-con e-parent\" data-id=\"3feac28\" data-element_type=\"container\" data-e-type=\"container\" data-settings=\"{&quot;background_background&quot;:&quot;classic&quot;}\">\n\t\t\t\t\t<div class=\"e-con-inner\">\n\t\t<div class=\"elementor-element elementor-element-3c9ee12 e-con-full e-flex e-con e-child\" data-id=\"3c9ee12\" data-element_type=\"container\" data-e-type=\"container\">\n\t\t\t\t<div class=\"elementor-element elementor-element-ead453d elementor-widget elementor-widget-heading\" data-id=\"ead453d\" data-element_type=\"widget\" data-e-type=\"widget\" data-widget_type=\"heading.default\">\n\t\t\t\t<div class=\"elementor-widget-container\">\n\t\t\t\t\t<h2 class=\"elementor-heading-title elementor-size-default\">Resources<\/h2>\t\t\t\t<\/div>\n\t\t\t\t<\/div>\n\t\t\t\t<div class=\"elementor-element elementor-element-94ae5c8 elementor-widget-divider--view-line elementor-widget elementor-widget-divider\" data-id=\"94ae5c8\" data-element_type=\"widget\" data-e-type=\"widget\" data-widget_type=\"divider.default\">\n\t\t\t\t<div class=\"elementor-widget-container\">\n\t\t\t\t\t\t\t<div class=\"elementor-divider\">\n\t\t\t<span class=\"elementor-divider-separator\">\n\t\t\t\t\t\t<\/span>\n\t\t<\/div>\n\t\t\t\t\t\t<\/div>\n\t\t\t\t<\/div>\n\t\t\t\t<\/div>\n\t\t\t\t\t<\/div>\n\t\t\t\t<\/div>\n\t\t<div class=\"elementor-element elementor-element-17439cd e-flex e-con-boxed e-con e-parent\" data-id=\"17439cd\" data-element_type=\"container\" data-e-type=\"container\">\n\t\t\t\t\t<div class=\"e-con-inner\">\n\t\t<div class=\"elementor-element elementor-element-b6148f5 e-con-full e-flex e-con e-child\" data-id=\"b6148f5\" data-element_type=\"container\" data-e-type=\"container\">\n\t\t<a class=\"elementor-element elementor-element-728d03c e-con-full e-transform e-flex e-con e-child\" data-id=\"728d03c\" data-element_type=\"container\" data-e-type=\"container\" data-settings=\"{&quot;background_background&quot;:&quot;classic&quot;,&quot;xpro_backdrop_filter&quot;:&quot;yes&quot;,&quot;_transform_scale_effect_hover&quot;:{&quot;unit&quot;:&quot;px&quot;,&quot;size&quot;:0.9,&quot;sizes&quot;:[]},&quot;_transform_scale_effect_hover_tablet&quot;:{&quot;unit&quot;:&quot;px&quot;,&quot;size&quot;:&quot;&quot;,&quot;sizes&quot;:[]},&quot;_transform_scale_effect_hover_mobile&quot;:{&quot;unit&quot;:&quot;px&quot;,&quot;size&quot;:&quot;&quot;,&quot;sizes&quot;:[]}}\" href=\"https:\/\/welkerlab.hu\/en\/riporter-rendszerek\/\" target=\"_blank\">\n\t\t\t\t<div class=\"elementor-element elementor-element-c7dd352 elementor-widget elementor-widget-image\" data-id=\"c7dd352\" data-element_type=\"widget\" data-e-type=\"widget\" data-widget_type=\"image.default\">\n\t\t\t\t<div class=\"elementor-widget-container\">\n\t\t\t\t\t\t\t\t\t\t\t\t\t\t\t<img fetchpriority=\"high\" decoding=\"async\" width=\"1024\" height=\"819\" src=\"https:\/\/welkerlab.hu\/wp-content\/uploads\/2025\/03\/stock-photo-molecular-structure-of-green-fluorescent-protein-d-rendering-670869529_crop-1024x819.jpg\" class=\"attachment-large size-large wp-image-2827\" alt=\"\" srcset=\"https:\/\/welkerlab.hu\/wp-content\/uploads\/2025\/03\/stock-photo-molecular-structure-of-green-fluorescent-protein-d-rendering-670869529_crop-1024x819.jpg 1024w, https:\/\/welkerlab.hu\/wp-content\/uploads\/2025\/03\/stock-photo-molecular-structure-of-green-fluorescent-protein-d-rendering-670869529_crop-300x240.jpg 300w, https:\/\/welkerlab.hu\/wp-content\/uploads\/2025\/03\/stock-photo-molecular-structure-of-green-fluorescent-protein-d-rendering-670869529_crop-768x614.jpg 768w, https:\/\/welkerlab.hu\/wp-content\/uploads\/2025\/03\/stock-photo-molecular-structure-of-green-fluorescent-protein-d-rendering-670869529_crop-15x12.jpg 15w, https:\/\/welkerlab.hu\/wp-content\/uploads\/2025\/03\/stock-photo-molecular-structure-of-green-fluorescent-protein-d-rendering-670869529_crop.jpg 1254w\" sizes=\"(max-width: 1024px) 100vw, 1024px\" \/>\t\t\t\t\t\t\t\t\t\t\t\t\t\t\t<\/div>\n\t\t\t\t<\/div>\n\t\t\t\t<div class=\"elementor-element elementor-element-116d39a elementor-widget elementor-widget-heading\" data-id=\"116d39a\" data-element_type=\"widget\" data-e-type=\"widget\" data-widget_type=\"heading.default\">\n\t\t\t\t<div class=\"elementor-widget-container\">\n\t\t\t\t\t<h2 class=\"elementor-heading-title elementor-size-default\">Reporter systems (BEAR, PEAR, GFxFP)<\/h2>\t\t\t\t<\/div>\n\t\t\t\t<\/div>\n\t\t\t\t<\/a>\n\t\t<a class=\"elementor-element elementor-element-b01a1ee e-con-full e-transform e-flex e-con e-child\" data-id=\"b01a1ee\" data-element_type=\"container\" data-e-type=\"container\" data-settings=\"{&quot;background_background&quot;:&quot;classic&quot;,&quot;xpro_backdrop_filter&quot;:&quot;yes&quot;,&quot;_transform_scale_effect_hover&quot;:{&quot;unit&quot;:&quot;px&quot;,&quot;size&quot;:0.9,&quot;sizes&quot;:[]},&quot;_transform_scale_effect_hover_tablet&quot;:{&quot;unit&quot;:&quot;px&quot;,&quot;size&quot;:&quot;&quot;,&quot;sizes&quot;:[]},&quot;_transform_scale_effect_hover_mobile&quot;:{&quot;unit&quot;:&quot;px&quot;,&quot;size&quot;:&quot;&quot;,&quot;sizes&quot;:[]}}\" href=\"https:\/\/welkerlab.hu\/en\/plazmid-konstrukciok\/\" target=\"_blank\">\n\t\t\t\t<div class=\"elementor-element elementor-element-a14274e elementor-widget elementor-widget-image\" data-id=\"a14274e\" data-element_type=\"widget\" data-e-type=\"widget\" data-widget_type=\"image.default\">\n\t\t\t\t<div class=\"elementor-widget-container\">\n\t\t\t\t\t\t\t\t\t\t\t\t\t\t\t<img decoding=\"async\" width=\"686\" height=\"548\" src=\"https:\/\/welkerlab.hu\/wp-content\/uploads\/2025\/03\/Untitled-1_crop.jpg\" class=\"attachment-large size-large wp-image-2826\" alt=\"\" srcset=\"https:\/\/welkerlab.hu\/wp-content\/uploads\/2025\/03\/Untitled-1_crop.jpg 686w, https:\/\/welkerlab.hu\/wp-content\/uploads\/2025\/03\/Untitled-1_crop-300x240.jpg 300w, https:\/\/welkerlab.hu\/wp-content\/uploads\/2025\/03\/Untitled-1_crop-15x12.jpg 15w\" sizes=\"(max-width: 686px) 100vw, 686px\" \/>\t\t\t\t\t\t\t\t\t\t\t\t\t\t\t<\/div>\n\t\t\t\t<\/div>\n\t\t\t\t<div class=\"elementor-element elementor-element-941c910 elementor-widget elementor-widget-heading\" data-id=\"941c910\" data-element_type=\"widget\" data-e-type=\"widget\" data-widget_type=\"heading.default\">\n\t\t\t\t<div class=\"elementor-widget-container\">\n\t\t\t\t\t<h2 class=\"elementor-heading-title elementor-size-default\">Plasmid constructions<\/h2>\t\t\t\t<\/div>\n\t\t\t\t<\/div>\n\t\t\t\t<\/a>\n\t\t<a class=\"elementor-element elementor-element-ad31010 e-con-full e-transform e-flex e-con e-child\" data-id=\"ad31010\" data-element_type=\"container\" data-e-type=\"container\" data-settings=\"{&quot;background_background&quot;:&quot;classic&quot;,&quot;xpro_backdrop_filter&quot;:&quot;yes&quot;,&quot;_transform_scale_effect_hover&quot;:{&quot;unit&quot;:&quot;px&quot;,&quot;size&quot;:0.9,&quot;sizes&quot;:[]},&quot;_transform_scale_effect_hover_tablet&quot;:{&quot;unit&quot;:&quot;px&quot;,&quot;size&quot;:&quot;&quot;,&quot;sizes&quot;:[]},&quot;_transform_scale_effect_hover_mobile&quot;:{&quot;unit&quot;:&quot;px&quot;,&quot;size&quot;:&quot;&quot;,&quot;sizes&quot;:[]}}\" href=\"https:\/\/welkerlab.hu\/en\/hek293-clover-sejtvonal\/\" target=\"_blank\">\n\t\t\t\t<div class=\"elementor-element elementor-element-4038285 elementor-widget elementor-widget-image\" data-id=\"4038285\" data-element_type=\"widget\" data-e-type=\"widget\" data-widget_type=\"image.default\">\n\t\t\t\t<div class=\"elementor-widget-container\">\n\t\t\t\t\t\t\t\t\t\t\t\t\t\t\t<img decoding=\"async\" width=\"1024\" height=\"819\" src=\"https:\/\/welkerlab.hu\/wp-content\/uploads\/2025\/03\/cdc-N3yNsmTSu90-unsplash_crop-1024x819.jpg\" class=\"attachment-large size-large wp-image-2828\" alt=\"\" srcset=\"https:\/\/welkerlab.hu\/wp-content\/uploads\/2025\/03\/cdc-N3yNsmTSu90-unsplash_crop-1024x819.jpg 1024w, https:\/\/welkerlab.hu\/wp-content\/uploads\/2025\/03\/cdc-N3yNsmTSu90-unsplash_crop-300x240.jpg 300w, https:\/\/welkerlab.hu\/wp-content\/uploads\/2025\/03\/cdc-N3yNsmTSu90-unsplash_crop-768x614.jpg 768w, https:\/\/welkerlab.hu\/wp-content\/uploads\/2025\/03\/cdc-N3yNsmTSu90-unsplash_crop-1536x1229.jpg 1536w, https:\/\/welkerlab.hu\/wp-content\/uploads\/2025\/03\/cdc-N3yNsmTSu90-unsplash_crop-2048x1638.jpg 2048w, https:\/\/welkerlab.hu\/wp-content\/uploads\/2025\/03\/cdc-N3yNsmTSu90-unsplash_crop-15x12.jpg 15w\" sizes=\"(max-width: 1024px) 100vw, 1024px\" \/>\t\t\t\t\t\t\t\t\t\t\t\t\t\t\t<\/div>\n\t\t\t\t<\/div>\n\t\t\t\t<div class=\"elementor-element elementor-element-9bd5ece elementor-widget elementor-widget-heading\" data-id=\"9bd5ece\" data-element_type=\"widget\" data-e-type=\"widget\" data-widget_type=\"heading.default\">\n\t\t\t\t<div class=\"elementor-widget-container\">\n\t\t\t\t\t<h2 class=\"elementor-heading-title elementor-size-default\">HEK293.clover<br>cell line<\/h2>\t\t\t\t<\/div>\n\t\t\t\t<\/div>\n\t\t\t\t<\/a>\n\t\t\t\t<\/div>\n\t\t\t\t\t<\/div>\n\t\t\t\t<\/div>\n\t\t\t\t<\/div>","protected":false},"excerpt":{"rendered":"<p>Er\u0151forr\u00e1sok Riporter rendszerek (BEAR, PEAR, GFxFP) Plazmid konstrukci\u00f3k HEK293.clover sejtvonal<\/p>","protected":false},"author":1,"featured_media":0,"parent":0,"menu_order":0,"comment_status":"closed","ping_status":"closed","template":"elementor_header_footer","meta":{"site-sidebar-layout":"no-sidebar","site-content-layout":"page-builder","ast-site-content-layout":"full-width-container","site-content-style":"unboxed","site-sidebar-style":"unboxed","ast-global-header-display":"","ast-banner-title-visibility":"","ast-main-header-display":"","ast-hfb-above-header-display":"","ast-hfb-below-header-display":"","ast-hfb-mobile-header-display":"","site-post-title":"","ast-breadcrumbs-content":"","ast-featured-img":"disabled","footer-sml-layout":"","theme-transparent-header-meta":"","adv-header-id-meta":"","stick-header-meta":"","header-above-stick-meta":"","header-main-stick-meta":"","header-below-stick-meta":"","astra-migrate-meta-layouts":"set","ast-page-background-enabled":"default","ast-page-background-meta":{"desktop":{"background-color":"","background-image":"","background-repeat":"repeat","background-position":"center center","background-size":"auto","background-attachment":"scroll","background-type":"","background-media":"","overlay-type":"","overlay-color":"","overlay-gradient":""},"tablet":{"background-color":"","background-image":"","background-repeat":"repeat","background-position":"center center","background-size":"auto","background-attachment":"scroll","background-type":"","background-media":"","overlay-type":"","overlay-color":"","overlay-gradient":""},"mobile":{"background-color":"","background-image":"","background-repeat":"repeat","background-position":"center center","background-size":"auto","background-attachment":"scroll","background-type":"","background-media":"","overlay-type":"","overlay-color":"","overlay-gradient":""}},"ast-content-background-meta":{"desktop":{"background-color":"var(--ast-global-color-5)","background-image":"","background-repeat":"repeat","background-position":"center center","background-size":"auto","background-attachment":"scroll","background-type":"","background-media":"","overlay-type":"","overlay-color":"","overlay-gradient":""},"tablet":{"background-color":"var(--ast-global-color-5)","background-image":"","background-repeat":"repeat","background-position":"center center","background-size":"auto","background-attachment":"scroll","background-type":"","background-media":"","overlay-type":"","overlay-color":"","overlay-gradient":""},"mobile":{"background-color":"var(--ast-global-color-5)","background-image":"","background-repeat":"repeat","background-position":"center center","background-size":"auto","background-attachment":"scroll","background-type":"","background-media":"","overlay-type":"","overlay-color":"","overlay-gradient":""}},"footnotes":""},"class_list":["post-2726","page","type-page","status-publish","hentry"],"_links":{"self":[{"href":"https:\/\/welkerlab.hu\/en\/wp-json\/wp\/v2\/pages\/2726","targetHints":{"allow":["GET"]}}],"collection":[{"href":"https:\/\/welkerlab.hu\/en\/wp-json\/wp\/v2\/pages"}],"about":[{"href":"https:\/\/welkerlab.hu\/en\/wp-json\/wp\/v2\/types\/page"}],"author":[{"embeddable":true,"href":"https:\/\/welkerlab.hu\/en\/wp-json\/wp\/v2\/users\/1"}],"replies":[{"embeddable":true,"href":"https:\/\/welkerlab.hu\/en\/wp-json\/wp\/v2\/comments?post=2726"}],"version-history":[{"count":56,"href":"https:\/\/welkerlab.hu\/en\/wp-json\/wp\/v2\/pages\/2726\/revisions"}],"predecessor-version":[{"id":2890,"href":"https:\/\/welkerlab.hu\/en\/wp-json\/wp\/v2\/pages\/2726\/revisions\/2890"}],"wp:attachment":[{"href":"https:\/\/welkerlab.hu\/en\/wp-json\/wp\/v2\/media?parent=2726"}],"curies":[{"name":"wp","href":"https:\/\/api.w.org\/{rel}","templated":true}]}}