{"id":2235,"date":"2024-09-11T10:48:50","date_gmt":"2024-09-11T08:48:50","guid":{"rendered":"https:\/\/welkerlab.hu\/?page_id=2235"},"modified":"2024-10-14T13:32:31","modified_gmt":"2024-10-14T11:32:31","slug":"csoma-balazs","status":"publish","type":"page","link":"https:\/\/welkerlab.hu\/en\/csoma-balazs\/","title":{"rendered":"Bal\u00e1zs Csoma"},"content":{"rendered":"<div data-elementor-type=\"wp-page\" data-elementor-id=\"2235\" class=\"elementor elementor-2235\">\n\t\t\t\t<div class=\"elementor-element elementor-element-942633a e-flex e-con-boxed e-con e-parent\" data-id=\"942633a\" data-element_type=\"container\" data-e-type=\"container\" data-settings=\"{&quot;background_background&quot;:&quot;gradient&quot;,&quot;shape_divider_bottom&quot;:&quot;arrow&quot;,&quot;shape_divider_bottom_negative&quot;:&quot;yes&quot;}\">\n\t\t\t\t\t<div class=\"e-con-inner\">\n\t\t\t\t<div class=\"elementor-shape elementor-shape-bottom\" aria-hidden=\"true\" data-negative=\"true\">\n\t\t\t<svg xmlns=\"http:\/\/www.w3.org\/2000\/svg\" viewbox=\"0 0 700 10\" preserveaspectratio=\"none\">\n\t<path class=\"elementor-shape-fill\" d=\"M360 0L350 9.9 340 0 0 0 0 10 700 10 700 0\"\/>\n<\/svg>\t\t<\/div>\n\t\t<div class=\"elementor-element elementor-element-d896380 e-con-full e-flex e-con e-child\" data-id=\"d896380\" data-element_type=\"container\" data-e-type=\"container\" data-settings=\"{&quot;background_background&quot;:&quot;gradient&quot;}\">\n\t\t<div class=\"elementor-element elementor-element-4bb3b81 e-con-full e-flex e-con e-child\" data-id=\"4bb3b81\" data-element_type=\"container\" data-e-type=\"container\">\n\t\t\t\t<div class=\"elementor-element elementor-element-3a91b5e elementor-widget elementor-widget-heading\" data-id=\"3a91b5e\" data-element_type=\"widget\" data-e-type=\"widget\" data-widget_type=\"heading.default\">\n\t\t\t\t<div class=\"elementor-widget-container\">\n\t\t\t\t\t<h2 class=\"elementor-heading-title elementor-size-default\">Bal\u00e1zs Csoma<\/h2>\t\t\t\t<\/div>\n\t\t\t\t<\/div>\n\t\t\t\t<div class=\"elementor-element elementor-element-447699d elementor-widget-divider--view-line elementor-widget elementor-widget-divider\" data-id=\"447699d\" data-element_type=\"widget\" data-e-type=\"widget\" data-widget_type=\"divider.default\">\n\t\t\t\t<div class=\"elementor-widget-container\">\n\t\t\t\t\t\t\t<div class=\"elementor-divider\">\n\t\t\t<span class=\"elementor-divider-separator\">\n\t\t\t\t\t\t<\/span>\n\t\t<\/div>\n\t\t\t\t\t\t<\/div>\n\t\t\t\t<\/div>\n\t\t\t\t<div class=\"elementor-element elementor-element-3b1004a elementor-widget elementor-widget-heading\" data-id=\"3b1004a\" data-element_type=\"widget\" data-e-type=\"widget\" data-widget_type=\"heading.default\">\n\t\t\t\t<div class=\"elementor-widget-container\">\n\t\t\t\t\t<h2 class=\"elementor-heading-title elementor-size-default\">Researcher<\/h2>\t\t\t\t<\/div>\n\t\t\t\t<\/div>\n\t\t\t\t<div class=\"elementor-element elementor-element-a2f0564 elementor-widget elementor-widget-text-editor\" data-id=\"a2f0564\" data-element_type=\"widget\" data-e-type=\"widget\" data-widget_type=\"text-editor.default\">\n\t\t\t\t<div class=\"elementor-widget-container\">\n\t\t\t\t\t\t\t\t\t<p>I specialized in prime editing, and since 2021 I have been actively involved in several projects.<\/p>\t\t\t\t\t\t\t\t<\/div>\n\t\t\t\t<\/div>\n\t\t\t\t<div class=\"elementor-element elementor-element-1842c09 elementor-shape-circle elementor-grid-0 e-grid-align-center elementor-widget elementor-widget-social-icons\" data-id=\"1842c09\" data-element_type=\"widget\" data-e-type=\"widget\" data-widget_type=\"social-icons.default\">\n\t\t\t\t<div class=\"elementor-widget-container\">\n\t\t\t\t\t\t\t<div class=\"elementor-social-icons-wrapper elementor-grid\" role=\"list\">\n\t\t\t\t\t\t\t<span class=\"elementor-grid-item\" role=\"listitem\">\n\t\t\t\t\t<a class=\"elementor-icon elementor-social-icon elementor-social-icon- elementor-repeater-item-e16bc4b\" href=\"https:\/\/orcid.org\/0009-0006-6796-5204\" target=\"_blank\">\n\t\t\t\t\t\t<span class=\"elementor-screen-only\"><\/span>\n\t\t\t\t\t\t<svg xmlns=\"http:\/\/www.w3.org\/2000\/svg\" width=\"256\" height=\"256\" viewbox=\"0 0 256 256\" fill=\"none\"><path fill-rule=\"evenodd\" clip-rule=\"evenodd\" d=\"M128 256C198.7 256 256 198.7 256 128C256 57.3 198.7 0 128 0C57.3 0 0 57.3 0 128C0 198.7 57.3 256 128 256ZM70.9 186.2H86.3V127.5V79.0999H70.9V186.2ZM108.9 79.0999H150.5C190.1 79.0999 207.5 107.4 207.5 132.7C207.5 160.2 186 186.3 150.7 186.3H108.9V79.0999ZM124.3 172.4H148.8C183.7 172.4 191.7 145.9 191.7 132.7C191.7 111.2 178 93 148 93H124.3V172.4ZM78.6 66.8999C84.2 66.8999 88.7 62.2999 88.7 56.7999C88.7 51.2999 84.2 46.7 78.6 46.7C73 46.7 68.5 51.2 68.5 56.7999C68.5 62.2999 73 66.8999 78.6 66.8999Z\" fill=\"white\"><\/path><\/svg>\t\t\t\t\t<\/a>\n\t\t\t\t<\/span>\n\t\t\t\t\t\t\t<span class=\"elementor-grid-item\" role=\"listitem\">\n\t\t\t\t\t<a class=\"elementor-icon elementor-social-icon elementor-social-icon- elementor-repeater-item-ac2b4ea\" href=\"https:\/\/scholar.google.hu\/citations?user=gHgmEFMAAAAJ&#038;hl=hu&#038;oi=sra\" target=\"_blank\">\n\t\t\t\t\t\t<span class=\"elementor-screen-only\"><\/span>\n\t\t\t\t\t\t<svg xmlns=\"http:\/\/www.w3.org\/2000\/svg\" id=\"Layer_1\" data-name=\"Layer 1\" viewbox=\"0 0 512 512\"><defs><style>.cls-1{fill:#ccc;}.cls-2{fill:#b3b3b3;}.cls-3{fill:#fff;}.cls-4{fill:#e6e6e6;}<\/style><\/defs><path class=\"cls-1\" d=\"M256,411.12,0,202.67,256,0Z\" transform=\"translate(0 0)\"><\/path><path class=\"cls-2\" d=\"M256,411.12,512,202.67,256,0Z\" transform=\"translate(0 0)\"><\/path><circle class=\"cls-3\" cx=\"256\" cy=\"362.67\" r=\"149.33\"><\/circle><path class=\"cls-4\" d=\"M121,298.67a149.39,149.39,0,0,1,269.92,0Z\" transform=\"translate(0 0)\"><\/path><\/svg>\t\t\t\t\t<\/a>\n\t\t\t\t<\/span>\n\t\t\t\t\t\t\t<span class=\"elementor-grid-item\" role=\"listitem\">\n\t\t\t\t\t<a class=\"elementor-icon elementor-social-icon elementor-social-icon- elementor-repeater-item-5ae9262\" href=\"https:\/\/m2.mtmt.hu\/gui2\/?type=authors&#038;mode=browse&#038;sel=authors10020968&#038;paging=1;20\" target=\"_blank\">\n\t\t\t\t\t\t<span class=\"elementor-screen-only\"><\/span>\n\t\t\t\t\t\t<svg xmlns=\"http:\/\/www.w3.org\/2000\/svg\" id=\"Layer_1\" data-name=\"Layer 1\" viewbox=\"0 0 137.66 136.67\"><defs><style>.cls-1{fill:#fff;}<\/style><\/defs><path class=\"cls-1\" d=\"M165.82,274.65c0-4.67,0-9.33,0-14,0-1.66,0-3.53,2.13-4,1.8-.38,3.91-.71,4.91,1.29,1.27,2.56,2.36,1.11,3.84.34,5.71-3,11.5-3.23,17,.46,1.85,1.24,3.19,1.36,4.88,0,3.87-3.09,8.47-2.77,12.93-2.31,5,.52,8.32,4.42,8.65,10.7.4,7.64.1,15.32.16,23,0,3-1.86,3.52-4.28,3.54s-4.24-.71-4.24-3.62c0-6,0-12-.08-18-.11-5.64-2.27-8.75-6-9-4.1-.27-6.75,2.63-7.76,8.07s-.57,11-.67,16.45c-.06,3.07.28,6.19-4.38,6.12s-4.09-3.41-4.13-6.34c-.05-5.33,0-10.67,0-16,0-4.17-.89-7.8-5.93-8.27-4-.37-6.75,2.43-7.78,7.49-1.21,6-.49,12-.59,18-.06,3-.47,5.17-4.27,5.19s-4.46-2-4.4-5.09c.09-4.66,0-9.33,0-14Z\" transform=\"translate(-139.56 -230.08)\"><\/path><path class=\"cls-1\" d=\"M220.17,331.11c0,3.49-.06,7,0,10.49.06,3-1.45,4.12-4.32,4.08s-3.94-1.32-3.94-4c0-6.16.13-12.33-.14-18.49s-3.44-8.67-8.59-7.35c-3.13.81-4.5,3-5.18,6.05-1.38,6.11-.72,12.28-.87,18.42-.06,2.88-.23,5.36-4.14,5.36s-4.09-2.54-4.08-5.39c0-5.83,0-11.66,0-17.49,0-3.68-1.17-6.67-5.39-7.11s-7.09,1.57-8.23,5.65c-1.7,6-.82,12.25-1,18.4-.09,2.83.38,5.86-4,5.94-4.69.1-4.31-3.1-4.32-6.14,0-8.49,0-17,0-25.48,0-1.63-.23-3.63,1.7-4.32s4.08-1,5.28,1.26c1,2,2,.91,3.15.23,6.15-3.64,12.27-4.14,18.12.56,1.72,1.38,2.88.79,4.37-.32a15.53,15.53,0,0,1,11.33-3c6.14.67,9.63,4.52,10.17,11.59.28,3.64.05,7.32.05,11Z\" transform=\"translate(-139.56 -230.08)\"><\/path><path class=\"cls-1\" d=\"M242.89,346.74c-7.45,0-11.49-3.62-11.85-10.57-.28-5.32-.11-10.66-.14-16,0-2.08-.19-3.8-2.72-4.66-3.15-1.07-2.63-3.29-.43-4.79,2.46-1.68,4.33-3.54,5.05-6.5a3.54,3.54,0,0,1,4-3c2.43.1,3.1,1.66,3.2,3.65.14,2.76,1.68,3.68,4.25,3.74s5.74-.34,5.68,3.75c-.07,3.87-3.08,3.35-5.47,3.3-3.24-.06-4.5,1.38-4.42,4.52.11,4.67,0,9.33.06,14,0,3.45,1.71,5.15,5.28,5.15,2,0,5.11-1.58,5.32,2.38.18,3.56-2.54,4.29-5.27,4.8A19.08,19.08,0,0,1,242.89,346.74Z\" transform=\"translate(-139.56 -230.08)\"><\/path><path class=\"cls-1\" d=\"M242.6,293.77c-7.57,0-10.74-2.69-11.38-10.15-.37-4.29-.15-8.64-.22-13-.06-3.07.64-6.21-3.48-7.83-2.24-.89-1.49-3.31.32-4.36a10.77,10.77,0,0,0,5.31-6.84c.53-1.95,1.79-3.19,4-2.87s2.64,1.91,2.67,3.64c.06,3.34,1.95,4.2,4.88,4.13,2.38-.06,4.93,0,5,3.34.08,3.72-2.71,3.67-5.23,3.65-3.09,0-4.63,1.23-4.57,4.43.08,4.65,0,9.31,0,14,0,3.15,1.43,5.13,4.71,5.2,2.36.05,5.47-1.36,5.29,2.88-.16,3.78-3.2,3.62-5.88,3.77C243.6,293.79,243.1,293.77,242.6,293.77Z\" transform=\"translate(-139.56 -230.08)\"><\/path><path class=\"cls-1\" d=\"M273.21,234.08V362.75H143.56V234.08H273.21m4-4H139.56V366.75H277.21V230.08Z\" transform=\"translate(-139.56 -230.08)\"><\/path><\/svg>\t\t\t\t\t<\/a>\n\t\t\t\t<\/span>\n\t\t\t\t\t<\/div>\n\t\t\t\t\t\t<\/div>\n\t\t\t\t<\/div>\n\t\t\t\t<\/div>\n\t\t<div class=\"elementor-element elementor-element-614a933 e-con-full e-flex e-con e-child\" data-id=\"614a933\" data-element_type=\"container\" data-e-type=\"container\">\n\t\t\t\t<div class=\"elementor-element elementor-element-df2db01 elementor-widget elementor-widget-image\" data-id=\"df2db01\" data-element_type=\"widget\" data-e-type=\"widget\" data-widget_type=\"image.default\">\n\t\t\t\t<div class=\"elementor-widget-container\">\n\t\t\t\t\t\t\t\t\t\t\t\t\t\t\t<img decoding=\"async\" src=\"https:\/\/welkerlab.hu\/wp-content\/uploads\/elementor\/thumbs\/no-qtpjg7usevc7omcoev6bvacw5ne9q1qsep2s2zvjls.jpg\" title=\"woman\" alt=\"no\" loading=\"lazy\" \/>\t\t\t\t\t\t\t\t\t\t\t\t\t\t\t<\/div>\n\t\t\t\t<\/div>\n\t\t\t\t<\/div>\n\t\t\t\t<\/div>\n\t\t\t\t\t<\/div>\n\t\t\t\t<\/div>\n\t\t<div class=\"elementor-element elementor-element-e8f51a1 e-flex e-con-boxed e-con e-parent\" data-id=\"e8f51a1\" data-element_type=\"container\" data-e-type=\"container\" data-settings=\"{&quot;background_background&quot;:&quot;classic&quot;}\">\n\t\t\t\t\t<div class=\"e-con-inner\">\n\t\t<div class=\"elementor-element elementor-element-9398d35 e-con-full e-flex e-con e-child\" data-id=\"9398d35\" data-element_type=\"container\" data-e-type=\"container\" data-settings=\"{&quot;background_background&quot;:&quot;classic&quot;}\">\n\t\t\t\t<div class=\"elementor-element elementor-element-2a34917 elementor-widget elementor-widget-heading\" data-id=\"2a34917\" data-element_type=\"widget\" data-e-type=\"widget\" data-widget_type=\"heading.default\">\n\t\t\t\t<div class=\"elementor-widget-container\">\n\t\t\t\t\t<h2 class=\"elementor-heading-title elementor-size-default\">Education<\/h2>\t\t\t\t<\/div>\n\t\t\t\t<\/div>\n\t\t\t\t<div class=\"elementor-element elementor-element-5d3b427 elementor-widget-divider--view-line elementor-widget elementor-widget-divider\" data-id=\"5d3b427\" data-element_type=\"widget\" data-e-type=\"widget\" data-widget_type=\"divider.default\">\n\t\t\t\t<div class=\"elementor-widget-container\">\n\t\t\t\t\t\t\t<div class=\"elementor-divider\">\n\t\t\t<span class=\"elementor-divider-separator\">\n\t\t\t\t\t\t<\/span>\n\t\t<\/div>\n\t\t\t\t\t\t<\/div>\n\t\t\t\t<\/div>\n\t\t\t\t<div class=\"elementor-element elementor-element-bfb22e6 elementor-widget elementor-widget-text-editor\" data-id=\"bfb22e6\" data-element_type=\"widget\" data-e-type=\"widget\" data-widget_type=\"text-editor.default\">\n\t\t\t\t<div class=\"elementor-widget-container\">\n\t\t\t\t\t\t\t\t\t<p><em>2021 &#8211; 2024<\/em><strong><br \/>Biology BSc<\/strong><br \/>E\u00f6tv\u00f6s Lor\u00e1nd University (ELTE)<\/p><p><em>2021 &#8211; 2024<\/em><strong><br \/>Member of Bolyai College<\/strong><\/p>\t\t\t\t\t\t\t\t<\/div>\n\t\t\t\t<\/div>\n\t\t\t\t<\/div>\n\t\t<div class=\"elementor-element elementor-element-2206fb5 e-con-full e-flex e-con e-child\" data-id=\"2206fb5\" data-element_type=\"container\" data-e-type=\"container\" data-settings=\"{&quot;background_background&quot;:&quot;classic&quot;}\">\n\t\t\t\t<div class=\"elementor-element elementor-element-09fda57 elementor-widget elementor-widget-heading\" data-id=\"09fda57\" data-element_type=\"widget\" data-e-type=\"widget\" data-widget_type=\"heading.default\">\n\t\t\t\t<div class=\"elementor-widget-container\">\n\t\t\t\t\t<h2 class=\"elementor-heading-title elementor-size-default\">Other<\/h2>\t\t\t\t<\/div>\n\t\t\t\t<\/div>\n\t\t\t\t<div class=\"elementor-element elementor-element-a599ad1 elementor-widget-divider--view-line elementor-widget elementor-widget-divider\" data-id=\"a599ad1\" data-element_type=\"widget\" data-e-type=\"widget\" data-widget_type=\"divider.default\">\n\t\t\t\t<div class=\"elementor-widget-container\">\n\t\t\t\t\t\t\t<div class=\"elementor-divider\">\n\t\t\t<span class=\"elementor-divider-separator\">\n\t\t\t\t\t\t<\/span>\n\t\t<\/div>\n\t\t\t\t\t\t<\/div>\n\t\t\t\t<\/div>\n\t\t\t\t<div class=\"elementor-element elementor-element-ff472aa elementor-widget elementor-widget-text-editor\" data-id=\"ff472aa\" data-element_type=\"widget\" data-e-type=\"widget\" data-widget_type=\"text-editor.default\">\n\t\t\t\t<div class=\"elementor-widget-container\">\n\t\t\t\t\t\t\t\t\t<p>In my free time, I mentor the Hungarian teams of the International Chemistry Competition for high school students.<\/p>\t\t\t\t\t\t\t\t<\/div>\n\t\t\t\t<\/div>\n\t\t\t\t<\/div>\n\t\t\t\t\t<\/div>\n\t\t\t\t<\/div>\n\t\t<div class=\"elementor-element elementor-element-9de9e75 e-flex e-con-boxed e-con e-parent\" data-id=\"9de9e75\" data-element_type=\"container\" data-e-type=\"container\">\n\t\t\t\t\t<div class=\"e-con-inner\">\n\t\t<div class=\"elementor-element elementor-element-07093b4 e-con-full e-flex e-con e-child\" data-id=\"07093b4\" data-element_type=\"container\" data-e-type=\"container\">\n\t\t\t\t<div class=\"elementor-element elementor-element-00ab50a elementor-widget elementor-widget-heading\" data-id=\"00ab50a\" data-element_type=\"widget\" data-e-type=\"widget\" data-widget_type=\"heading.default\">\n\t\t\t\t<div class=\"elementor-widget-container\">\n\t\t\t\t\t<h2 class=\"elementor-heading-title elementor-size-default\">awards and scholarships<\/h2>\t\t\t\t<\/div>\n\t\t\t\t<\/div>\n\t\t\t\t<div class=\"elementor-element elementor-element-df24fdb elementor-widget-divider--view-line elementor-widget elementor-widget-divider\" data-id=\"df24fdb\" data-element_type=\"widget\" data-e-type=\"widget\" data-widget_type=\"divider.default\">\n\t\t\t\t<div class=\"elementor-widget-container\">\n\t\t\t\t\t\t\t<div class=\"elementor-divider\">\n\t\t\t<span class=\"elementor-divider-separator\">\n\t\t\t\t\t\t<\/span>\n\t\t<\/div>\n\t\t\t\t\t\t<\/div>\n\t\t\t\t<\/div>\n\t\t\t\t<div class=\"elementor-element elementor-element-6f9b7f6 elementor-widget elementor-widget-text-editor\" data-id=\"6f9b7f6\" data-element_type=\"widget\" data-e-type=\"widget\" data-widget_type=\"text-editor.default\">\n\t\t\t\t<div class=\"elementor-widget-container\">\n\t\t\t\t\t\t\t\t\t<p>\u00a02024. Excellent Student of the Faculty award, (ELTE, Faculty of Science)<\/p><p>2023. Honorary status, ELTE<\/p>\t\t\t\t\t\t\t\t<\/div>\n\t\t\t\t<\/div>\n\t\t\t\t<\/div>\n\t\t\t\t\t<\/div>\n\t\t\t\t<\/div>\n\t\t\t\t<\/div>","protected":false},"excerpt":{"rendered":"<p>Csoma Bal\u00e1zs Kutat\u00f3 A prime editingre specializ\u00e1l\u00f3dtam, 2021 \u00f3ta akt\u00edvan r\u00e9szt veszek t\u00f6bb projektben is. Tanulm\u00e1nyok 2021 &#8211; 2024Biol\u00f3gia BScE\u00f6tv\u00f6s Lor\u00e1nd Tudom\u00e1nyegyetem (ELTE) 2021 &#8211; 2024Bolyai szakkoll\u00e9giumi tag Egy\u00e9b Szabadid\u0151mben a k\u00f6z\u00e9piskol\u00e1soknak rendezett Nemzetk\u00f6zi K\u00e9mia Verseny magyar csapatainak mentora vagyok. d\u00edjak \u00e9s \u00f6szt\u00f6nd\u00edjak \u00a02024. A Kar Kiv\u00e1l\u00f3 Hallgat\u00f3ja elismer\u00e9s, ELTE TTK 2023. Honor\u00e1cior st\u00e1tusz, ELTE<\/p>","protected":false},"author":1,"featured_media":0,"parent":0,"menu_order":0,"comment_status":"closed","ping_status":"closed","template":"","meta":{"site-sidebar-layout":"no-sidebar","site-content-layout":"page-builder","ast-site-content-layout":"full-width-container","site-content-style":"default","site-sidebar-style":"default","ast-global-header-display":"","ast-banner-title-visibility":"","ast-main-header-display":"","ast-hfb-above-header-display":"","ast-hfb-below-header-display":"","ast-hfb-mobile-header-display":"","site-post-title":"disabled","ast-breadcrumbs-content":"","ast-featured-img":"disabled","footer-sml-layout":"","theme-transparent-header-meta":"","adv-header-id-meta":"","stick-header-meta":"","header-above-stick-meta":"","header-main-stick-meta":"","header-below-stick-meta":"","astra-migrate-meta-layouts":"set","ast-page-background-enabled":"default","ast-page-background-meta":{"desktop":{"background-color":"","background-image":"","background-repeat":"repeat","background-position":"center center","background-size":"auto","background-attachment":"scroll","background-type":"","background-media":"","overlay-type":"","overlay-color":"","overlay-gradient":""},"tablet":{"background-color":"","background-image":"","background-repeat":"repeat","background-position":"center center","background-size":"auto","background-attachment":"scroll","background-type":"","background-media":"","overlay-type":"","overlay-color":"","overlay-gradient":""},"mobile":{"background-color":"","background-image":"","background-repeat":"repeat","background-position":"center center","background-size":"auto","background-attachment":"scroll","background-type":"","background-media":"","overlay-type":"","overlay-color":"","overlay-gradient":""}},"ast-content-background-meta":{"desktop":{"background-color":"var(--ast-global-color-5)","background-image":"","background-repeat":"repeat","background-position":"center center","background-size":"auto","background-attachment":"scroll","background-type":"","background-media":"","overlay-type":"","overlay-color":"","overlay-gradient":""},"tablet":{"background-color":"var(--ast-global-color-5)","background-image":"","background-repeat":"repeat","background-position":"center center","background-size":"auto","background-attachment":"scroll","background-type":"","background-media":"","overlay-type":"","overlay-color":"","overlay-gradient":""},"mobile":{"background-color":"var(--ast-global-color-5)","background-image":"","background-repeat":"repeat","background-position":"center center","background-size":"auto","background-attachment":"scroll","background-type":"","background-media":"","overlay-type":"","overlay-color":"","overlay-gradient":""}},"footnotes":""},"class_list":["post-2235","page","type-page","status-publish","hentry"],"_links":{"self":[{"href":"https:\/\/welkerlab.hu\/en\/wp-json\/wp\/v2\/pages\/2235","targetHints":{"allow":["GET"]}}],"collection":[{"href":"https:\/\/welkerlab.hu\/en\/wp-json\/wp\/v2\/pages"}],"about":[{"href":"https:\/\/welkerlab.hu\/en\/wp-json\/wp\/v2\/types\/page"}],"author":[{"embeddable":true,"href":"https:\/\/welkerlab.hu\/en\/wp-json\/wp\/v2\/users\/1"}],"replies":[{"embeddable":true,"href":"https:\/\/welkerlab.hu\/en\/wp-json\/wp\/v2\/comments?post=2235"}],"version-history":[{"count":19,"href":"https:\/\/welkerlab.hu\/en\/wp-json\/wp\/v2\/pages\/2235\/revisions"}],"predecessor-version":[{"id":2639,"href":"https:\/\/welkerlab.hu\/en\/wp-json\/wp\/v2\/pages\/2235\/revisions\/2639"}],"wp:attachment":[{"href":"https:\/\/welkerlab.hu\/en\/wp-json\/wp\/v2\/media?parent=2235"}],"curies":[{"name":"wp","href":"https:\/\/api.w.org\/{rel}","templated":true}]}}