{"id":2092,"date":"2024-09-09T08:50:16","date_gmt":"2024-09-09T06:50:16","guid":{"rendered":"https:\/\/welkerlab.hu\/?page_id=2092"},"modified":"2024-10-16T09:18:39","modified_gmt":"2024-10-16T07:18:39","slug":"simon-dorottya-anna","status":"publish","type":"page","link":"https:\/\/welkerlab.hu\/en\/simon-dorottya-anna\/","title":{"rendered":"Dorottya Anna Simon"},"content":{"rendered":"<div data-elementor-type=\"wp-page\" data-elementor-id=\"2092\" class=\"elementor elementor-2092\">\n\t\t\t\t<div class=\"elementor-element elementor-element-942633a e-flex e-con-boxed e-con e-parent\" data-id=\"942633a\" data-element_type=\"container\" data-e-type=\"container\" data-settings=\"{&quot;background_background&quot;:&quot;gradient&quot;,&quot;shape_divider_bottom&quot;:&quot;arrow&quot;,&quot;shape_divider_bottom_negative&quot;:&quot;yes&quot;}\">\n\t\t\t\t\t<div class=\"e-con-inner\">\n\t\t\t\t<div class=\"elementor-shape elementor-shape-bottom\" aria-hidden=\"true\" data-negative=\"true\">\n\t\t\t<svg xmlns=\"http:\/\/www.w3.org\/2000\/svg\" viewbox=\"0 0 700 10\" preserveaspectratio=\"none\">\n\t<path class=\"elementor-shape-fill\" d=\"M360 0L350 9.9 340 0 0 0 0 10 700 10 700 0\"\/>\n<\/svg>\t\t<\/div>\n\t\t<div class=\"elementor-element elementor-element-d896380 e-con-full e-flex e-con e-child\" data-id=\"d896380\" data-element_type=\"container\" data-e-type=\"container\" data-settings=\"{&quot;background_background&quot;:&quot;gradient&quot;}\">\n\t\t<div class=\"elementor-element elementor-element-4bb3b81 e-con-full e-flex e-con e-child\" data-id=\"4bb3b81\" data-element_type=\"container\" data-e-type=\"container\">\n\t\t\t\t<div class=\"elementor-element elementor-element-3a91b5e elementor-widget elementor-widget-heading\" data-id=\"3a91b5e\" data-element_type=\"widget\" data-e-type=\"widget\" data-widget_type=\"heading.default\">\n\t\t\t\t<div class=\"elementor-widget-container\">\n\t\t\t\t\t<h2 class=\"elementor-heading-title elementor-size-default\">Dorottya Anna Simon<\/h2>\t\t\t\t<\/div>\n\t\t\t\t<\/div>\n\t\t\t\t<div class=\"elementor-element elementor-element-447699d elementor-widget-divider--view-line elementor-widget elementor-widget-divider\" data-id=\"447699d\" data-element_type=\"widget\" data-e-type=\"widget\" data-widget_type=\"divider.default\">\n\t\t\t\t<div class=\"elementor-widget-container\">\n\t\t\t\t\t\t\t<div class=\"elementor-divider\">\n\t\t\t<span class=\"elementor-divider-separator\">\n\t\t\t\t\t\t<\/span>\n\t\t<\/div>\n\t\t\t\t\t\t<\/div>\n\t\t\t\t<\/div>\n\t\t\t\t<div class=\"elementor-element elementor-element-3b1004a elementor-widget elementor-widget-heading\" data-id=\"3b1004a\" data-element_type=\"widget\" data-e-type=\"widget\" data-widget_type=\"heading.default\">\n\t\t\t\t<div class=\"elementor-widget-container\">\n\t\t\t\t\t<h2 class=\"elementor-heading-title elementor-size-default\">PhD student<\/h2>\t\t\t\t<\/div>\n\t\t\t\t<\/div>\n\t\t\t\t<div class=\"elementor-element elementor-element-a2f0564 elementor-widget elementor-widget-text-editor\" data-id=\"a2f0564\" data-element_type=\"widget\" data-e-type=\"widget\" data-widget_type=\"text-editor.default\">\n\t\t\t\t<div class=\"elementor-widget-container\">\n\t\t\t\t\t\t\t\t\t<p>CRISPR\/Cas9 gene editing, prime editing<\/p>\t\t\t\t\t\t\t\t<\/div>\n\t\t\t\t<\/div>\n\t\t\t\t<div class=\"elementor-element elementor-element-1842c09 elementor-shape-circle elementor-grid-0 e-grid-align-center elementor-widget elementor-widget-social-icons\" data-id=\"1842c09\" data-element_type=\"widget\" data-e-type=\"widget\" data-widget_type=\"social-icons.default\">\n\t\t\t\t<div class=\"elementor-widget-container\">\n\t\t\t\t\t\t\t<div class=\"elementor-social-icons-wrapper elementor-grid\" role=\"list\">\n\t\t\t\t\t\t\t<span class=\"elementor-grid-item\" role=\"listitem\">\n\t\t\t\t\t<a class=\"elementor-icon elementor-social-icon elementor-social-icon- elementor-repeater-item-b1c88de\" href=\"https:\/\/www.researchgate.net\/profile\/Dorottya-Simon-3\" target=\"_blank\">\n\t\t\t\t\t\t<span class=\"elementor-screen-only\"><\/span>\n\t\t\t\t\t\t<svg xmlns=\"http:\/\/www.w3.org\/2000\/svg\" id=\"Layer_1\" data-name=\"Layer 1\" viewbox=\"0 0 359.83 359.56\"><defs><style>.cls-1{fill:#fff;}<\/style><\/defs><path class=\"cls-1\" d=\"M19.94,180.62C21.13,81,99.48.15,202,1.2c99,1,177.78,79.1,177.78,179.52,0,100.71-78.36,179.72-179.87,180C100.33,361,20.85,281.64,19.94,180.62Zm98.23,30.88c0,17.83,0,35.66,0,53.49,0,6.95-1.91,8.78-8.89,9.17a40.78,40.78,0,0,0-6,.58c-4.4.91-6.68,5.2-6,11,.74,6.32,2.36,8.16,7.76,8.07,10.32-.17,20.64-.74,31-.75,9.82,0,19.64.4,29.45.82,4.9.21,7.09-2.22,7.4-6.74a41.71,41.71,0,0,0-.11-7c-.3-2.93-1.71-5-5-5.21-2-.14-4-.76-5.94-.7-10.83.3-15.38-9.13-15.14-17.46.27-9.58,2.68-19.09,4.18-28.63a3.4,3.4,0,0,1,2.66-3.18c7.69-2.07,20.31,2.5,24.95,9.12,4.31,6.13,8.49,12.37,13,18.34,8,10.62,14.36,22.57,24.28,31.67,10.72,9.84,23.18,14,37.74,10.58,5-1.18,4.65-5,4.49-8.69-.15-3.47,0-7.21-4.85-8-6.13-1-10.69-4.49-14.11-9.5-10.6-15.56-21.09-31.19-31.73-46.73-1.84-2.68-1.27-3.94,1.52-5.24,7.37-3.42,13.39-8.66,18.77-14.67,19.52-21.8,9.84-58.95-17.79-68.43a85.26,85.26,0,0,0-28.51-4.3c-25,.19-49.95,1.67-74.94,1-6.77-.18-9.14,2-9.07,8.75.09,8.5,2.63,10.39,9.31,10.29,9.79-.16,11.58,2.18,11.58,11.86Q118.2,186.26,118.17,211.5Zm187.5-99.36v0c-5.16,0-10.33,0-15.49,0-3.4,0-4.21,2.12-4.16,4.94.05,2.51-.13,5,3.37,5.71,9.64,2,9.62,2.09,9.62,12.12,0,2.16-.08,4.33,0,6.49.08,3.2-1.5,4.92-4.54,5.6-14.29,3.2-30.89-1.66-36.65-18.87a57.58,57.58,0,0,1-.41-36.37c3.09-9.74,9.14-16.87,19.7-19.33,13.47-3.13,23.35,1.85,28.4,14.6.61,1.55,1,3.19,1.77,4.67,1.61,3.2,4.49,2.29,7,1.79,2.13-.42,3.57-1.68,3.23-4.24-.95-7.1-1.83-14.2-2.72-21.29a2.78,2.78,0,0,0-2.45-2.71c-12.24-2.25-24.33-5.63-37-3.15C261.62,64.78,250.23,70.69,242.7,83c-5.24,8.54-7.2,18-7.27,27.71-.1,15.29,4.34,29,17.33,38.53,13.58,10,28.86,11.12,44.82,8a50.57,50.57,0,0,0,20.06-8.59c1.21-.87,3.59-1.82,2.2-3.79-3.56-5.07-1.38-10.68-2-16-.33-3,.76-5.13,4-6,4.16-1.1,3.15-4.54,3-7.41-.21-3.23-2.71-3.32-5.15-3.32Z\" transform=\"translate(-19.94 -1.19)\"><\/path><path class=\"cls-1\" d=\"M151,180.89c0-6.34-.05-12.67,0-19,.07-6.57,2.48-10,8.85-11.53a53.31,53.31,0,0,1,29.1.8A18,18,0,0,1,199,159c11.45,18.09,1.33,42.25-19.55,46.32a87.17,87.17,0,0,1-15.37,1.56c-14.89.2-13,1.33-13.09-12.5C151,189.89,151,185.39,151,180.89Z\" transform=\"translate(-19.94 -1.19)\"><\/path><\/svg>\t\t\t\t\t<\/a>\n\t\t\t\t<\/span>\n\t\t\t\t\t\t\t<span class=\"elementor-grid-item\" role=\"listitem\">\n\t\t\t\t\t<a class=\"elementor-icon elementor-social-icon elementor-social-icon- elementor-repeater-item-e16bc4b\" href=\"https:\/\/orcid.org\/0000-0002-0252-0072\" target=\"_blank\">\n\t\t\t\t\t\t<span class=\"elementor-screen-only\"><\/span>\n\t\t\t\t\t\t<svg xmlns=\"http:\/\/www.w3.org\/2000\/svg\" width=\"256\" height=\"256\" viewbox=\"0 0 256 256\" fill=\"none\"><path fill-rule=\"evenodd\" clip-rule=\"evenodd\" d=\"M128 256C198.7 256 256 198.7 256 128C256 57.3 198.7 0 128 0C57.3 0 0 57.3 0 128C0 198.7 57.3 256 128 256ZM70.9 186.2H86.3V127.5V79.0999H70.9V186.2ZM108.9 79.0999H150.5C190.1 79.0999 207.5 107.4 207.5 132.7C207.5 160.2 186 186.3 150.7 186.3H108.9V79.0999ZM124.3 172.4H148.8C183.7 172.4 191.7 145.9 191.7 132.7C191.7 111.2 178 93 148 93H124.3V172.4ZM78.6 66.8999C84.2 66.8999 88.7 62.2999 88.7 56.7999C88.7 51.2999 84.2 46.7 78.6 46.7C73 46.7 68.5 51.2 68.5 56.7999C68.5 62.2999 73 66.8999 78.6 66.8999Z\" fill=\"white\"><\/path><\/svg>\t\t\t\t\t<\/a>\n\t\t\t\t<\/span>\n\t\t\t\t\t\t\t<span class=\"elementor-grid-item\" role=\"listitem\">\n\t\t\t\t\t<a class=\"elementor-icon elementor-social-icon elementor-social-icon- elementor-repeater-item-ac2b4ea\" href=\"https:\/\/scholar.google.com\/citations?hl=hu&#038;user=jlSj8gwAAAAJ\" target=\"_blank\">\n\t\t\t\t\t\t<span class=\"elementor-screen-only\"><\/span>\n\t\t\t\t\t\t<svg xmlns=\"http:\/\/www.w3.org\/2000\/svg\" id=\"Layer_1\" data-name=\"Layer 1\" viewbox=\"0 0 512 512\"><defs><style>.cls-1{fill:#ccc;}.cls-2{fill:#b3b3b3;}.cls-3{fill:#fff;}.cls-4{fill:#e6e6e6;}<\/style><\/defs><path class=\"cls-1\" d=\"M256,411.12,0,202.67,256,0Z\" transform=\"translate(0 0)\"><\/path><path class=\"cls-2\" d=\"M256,411.12,512,202.67,256,0Z\" transform=\"translate(0 0)\"><\/path><circle class=\"cls-3\" cx=\"256\" cy=\"362.67\" r=\"149.33\"><\/circle><path class=\"cls-4\" d=\"M121,298.67a149.39,149.39,0,0,1,269.92,0Z\" transform=\"translate(0 0)\"><\/path><\/svg>\t\t\t\t\t<\/a>\n\t\t\t\t<\/span>\n\t\t\t\t\t\t\t<span class=\"elementor-grid-item\" role=\"listitem\">\n\t\t\t\t\t<a class=\"elementor-icon elementor-social-icon elementor-social-icon- elementor-repeater-item-5ae9262\" href=\"https:\/\/m2.mtmt.hu\/api\/author\/10081107\" target=\"_blank\">\n\t\t\t\t\t\t<span class=\"elementor-screen-only\"><\/span>\n\t\t\t\t\t\t<svg xmlns=\"http:\/\/www.w3.org\/2000\/svg\" id=\"Layer_1\" data-name=\"Layer 1\" viewbox=\"0 0 137.66 136.67\"><defs><style>.cls-1{fill:#fff;}<\/style><\/defs><path class=\"cls-1\" d=\"M165.82,274.65c0-4.67,0-9.33,0-14,0-1.66,0-3.53,2.13-4,1.8-.38,3.91-.71,4.91,1.29,1.27,2.56,2.36,1.11,3.84.34,5.71-3,11.5-3.23,17,.46,1.85,1.24,3.19,1.36,4.88,0,3.87-3.09,8.47-2.77,12.93-2.31,5,.52,8.32,4.42,8.65,10.7.4,7.64.1,15.32.16,23,0,3-1.86,3.52-4.28,3.54s-4.24-.71-4.24-3.62c0-6,0-12-.08-18-.11-5.64-2.27-8.75-6-9-4.1-.27-6.75,2.63-7.76,8.07s-.57,11-.67,16.45c-.06,3.07.28,6.19-4.38,6.12s-4.09-3.41-4.13-6.34c-.05-5.33,0-10.67,0-16,0-4.17-.89-7.8-5.93-8.27-4-.37-6.75,2.43-7.78,7.49-1.21,6-.49,12-.59,18-.06,3-.47,5.17-4.27,5.19s-4.46-2-4.4-5.09c.09-4.66,0-9.33,0-14Z\" transform=\"translate(-139.56 -230.08)\"><\/path><path class=\"cls-1\" d=\"M220.17,331.11c0,3.49-.06,7,0,10.49.06,3-1.45,4.12-4.32,4.08s-3.94-1.32-3.94-4c0-6.16.13-12.33-.14-18.49s-3.44-8.67-8.59-7.35c-3.13.81-4.5,3-5.18,6.05-1.38,6.11-.72,12.28-.87,18.42-.06,2.88-.23,5.36-4.14,5.36s-4.09-2.54-4.08-5.39c0-5.83,0-11.66,0-17.49,0-3.68-1.17-6.67-5.39-7.11s-7.09,1.57-8.23,5.65c-1.7,6-.82,12.25-1,18.4-.09,2.83.38,5.86-4,5.94-4.69.1-4.31-3.1-4.32-6.14,0-8.49,0-17,0-25.48,0-1.63-.23-3.63,1.7-4.32s4.08-1,5.28,1.26c1,2,2,.91,3.15.23,6.15-3.64,12.27-4.14,18.12.56,1.72,1.38,2.88.79,4.37-.32a15.53,15.53,0,0,1,11.33-3c6.14.67,9.63,4.52,10.17,11.59.28,3.64.05,7.32.05,11Z\" transform=\"translate(-139.56 -230.08)\"><\/path><path class=\"cls-1\" d=\"M242.89,346.74c-7.45,0-11.49-3.62-11.85-10.57-.28-5.32-.11-10.66-.14-16,0-2.08-.19-3.8-2.72-4.66-3.15-1.07-2.63-3.29-.43-4.79,2.46-1.68,4.33-3.54,5.05-6.5a3.54,3.54,0,0,1,4-3c2.43.1,3.1,1.66,3.2,3.65.14,2.76,1.68,3.68,4.25,3.74s5.74-.34,5.68,3.75c-.07,3.87-3.08,3.35-5.47,3.3-3.24-.06-4.5,1.38-4.42,4.52.11,4.67,0,9.33.06,14,0,3.45,1.71,5.15,5.28,5.15,2,0,5.11-1.58,5.32,2.38.18,3.56-2.54,4.29-5.27,4.8A19.08,19.08,0,0,1,242.89,346.74Z\" transform=\"translate(-139.56 -230.08)\"><\/path><path class=\"cls-1\" d=\"M242.6,293.77c-7.57,0-10.74-2.69-11.38-10.15-.37-4.29-.15-8.64-.22-13-.06-3.07.64-6.21-3.48-7.83-2.24-.89-1.49-3.31.32-4.36a10.77,10.77,0,0,0,5.31-6.84c.53-1.95,1.79-3.19,4-2.87s2.64,1.91,2.67,3.64c.06,3.34,1.95,4.2,4.88,4.13,2.38-.06,4.93,0,5,3.34.08,3.72-2.71,3.67-5.23,3.65-3.09,0-4.63,1.23-4.57,4.43.08,4.65,0,9.31,0,14,0,3.15,1.43,5.13,4.71,5.2,2.36.05,5.47-1.36,5.29,2.88-.16,3.78-3.2,3.62-5.88,3.77C243.6,293.79,243.1,293.77,242.6,293.77Z\" transform=\"translate(-139.56 -230.08)\"><\/path><path class=\"cls-1\" d=\"M273.21,234.08V362.75H143.56V234.08H273.21m4-4H139.56V366.75H277.21V230.08Z\" transform=\"translate(-139.56 -230.08)\"><\/path><\/svg>\t\t\t\t\t<\/a>\n\t\t\t\t<\/span>\n\t\t\t\t\t<\/div>\n\t\t\t\t\t\t<\/div>\n\t\t\t\t<\/div>\n\t\t\t\t<\/div>\n\t\t<div class=\"elementor-element elementor-element-614a933 e-con-full e-flex e-con e-child\" data-id=\"614a933\" data-element_type=\"container\" data-e-type=\"container\">\n\t\t\t\t<div class=\"elementor-element elementor-element-df2db01 elementor-widget elementor-widget-image\" data-id=\"df2db01\" data-element_type=\"widget\" data-e-type=\"widget\" data-widget_type=\"image.default\">\n\t\t\t\t<div class=\"elementor-widget-container\">\n\t\t\t\t\t\t\t\t\t\t\t\t\t\t\t<img decoding=\"async\" src=\"https:\/\/welkerlab.hu\/wp-content\/uploads\/elementor\/thumbs\/dorka_45-qtpicdh2posnjo872n5n6cbhnns5fxke9hjtqqybcw.jpg\" title=\"dorka_45\" alt=\"dorka_45\" loading=\"lazy\" \/>\t\t\t\t\t\t\t\t\t\t\t\t\t\t\t<\/div>\n\t\t\t\t<\/div>\n\t\t\t\t<\/div>\n\t\t\t\t<\/div>\n\t\t\t\t\t<\/div>\n\t\t\t\t<\/div>\n\t\t<div class=\"elementor-element elementor-element-e8f51a1 e-flex e-con-boxed e-con e-parent\" data-id=\"e8f51a1\" data-element_type=\"container\" data-e-type=\"container\" data-settings=\"{&quot;background_background&quot;:&quot;classic&quot;}\">\n\t\t\t\t\t<div class=\"e-con-inner\">\n\t\t<div class=\"elementor-element elementor-element-9398d35 e-con-full e-flex e-con e-child\" data-id=\"9398d35\" data-element_type=\"container\" data-e-type=\"container\" data-settings=\"{&quot;background_background&quot;:&quot;classic&quot;}\">\n\t\t\t\t<div class=\"elementor-element elementor-element-2a34917 elementor-widget elementor-widget-heading\" data-id=\"2a34917\" data-element_type=\"widget\" data-e-type=\"widget\" data-widget_type=\"heading.default\">\n\t\t\t\t<div class=\"elementor-widget-container\">\n\t\t\t\t\t<h2 class=\"elementor-heading-title elementor-size-default\">Education<\/h2>\t\t\t\t<\/div>\n\t\t\t\t<\/div>\n\t\t\t\t<div class=\"elementor-element elementor-element-5d3b427 elementor-widget-divider--view-line elementor-widget elementor-widget-divider\" data-id=\"5d3b427\" data-element_type=\"widget\" data-e-type=\"widget\" data-widget_type=\"divider.default\">\n\t\t\t\t<div class=\"elementor-widget-container\">\n\t\t\t\t\t\t\t<div class=\"elementor-divider\">\n\t\t\t<span class=\"elementor-divider-separator\">\n\t\t\t\t\t\t<\/span>\n\t\t<\/div>\n\t\t\t\t\t\t<\/div>\n\t\t\t\t<\/div>\n\t\t\t\t<div class=\"elementor-element elementor-element-bfb22e6 elementor-widget elementor-widget-text-editor\" data-id=\"bfb22e6\" data-element_type=\"widget\" data-e-type=\"widget\" data-widget_type=\"text-editor.default\">\n\t\t\t\t<div class=\"elementor-widget-container\">\n\t\t\t\t\t\t\t\t\t<p><em>2021 - Present<\/em><strong><br \/>Doctoral school<br \/><em>Molecular Medicine<br \/><\/em><\/strong>Semmelweis University (SOTE)<\/p><p><em>2019 &#8211; 2021<\/em><strong><br \/>Biotechnology MSc<br \/><em>Pharmaceutical biotechnology<br \/><\/em><\/strong>Budapest University of Technology and Economics (BME) and<strong><em><br \/><\/em><\/strong>E\u00f6tv\u00f6s Lor\u00e1nd University (ELTE)<\/p><p><em>2015 &#8211; 2019<\/em><strong><br \/>Bioengineering BSc<br \/><em>Health care specialization<br \/><\/em><\/strong>Budapest University of Technology and Economics (BME)<\/p>\t\t\t\t\t\t\t\t<\/div>\n\t\t\t\t<\/div>\n\t\t\t\t<\/div>\n\t\t\t\t\t<\/div>\n\t\t\t\t<\/div>\n\t\t<div class=\"elementor-element elementor-element-9de9e75 e-flex e-con-boxed e-con e-parent\" data-id=\"9de9e75\" data-element_type=\"container\" data-e-type=\"container\">\n\t\t\t\t\t<div class=\"e-con-inner\">\n\t\t<div class=\"elementor-element elementor-element-07093b4 e-con-full e-flex e-con e-child\" data-id=\"07093b4\" data-element_type=\"container\" data-e-type=\"container\">\n\t\t\t\t<div class=\"elementor-element elementor-element-00ab50a elementor-widget elementor-widget-heading\" data-id=\"00ab50a\" data-element_type=\"widget\" data-e-type=\"widget\" data-widget_type=\"heading.default\">\n\t\t\t\t<div class=\"elementor-widget-container\">\n\t\t\t\t\t<h2 class=\"elementor-heading-title elementor-size-default\">scholarships<\/h2>\t\t\t\t<\/div>\n\t\t\t\t<\/div>\n\t\t\t\t<div class=\"elementor-element elementor-element-df24fdb elementor-widget-divider--view-line elementor-widget elementor-widget-divider\" data-id=\"df24fdb\" data-element_type=\"widget\" data-e-type=\"widget\" data-widget_type=\"divider.default\">\n\t\t\t\t<div class=\"elementor-widget-container\">\n\t\t\t\t\t\t\t<div class=\"elementor-divider\">\n\t\t\t<span class=\"elementor-divider-separator\">\n\t\t\t\t\t\t<\/span>\n\t\t<\/div>\n\t\t\t\t\t\t<\/div>\n\t\t\t\t<\/div>\n\t\t\t\t<div class=\"elementor-element elementor-element-6f9b7f6 elementor-widget elementor-widget-text-editor\" data-id=\"6f9b7f6\" data-element_type=\"widget\" data-e-type=\"widget\" data-widget_type=\"text-editor.default\">\n\t\t\t\t<div class=\"elementor-widget-container\">\n\t\t\t\t\t\t\t\t\t<p>2022-2025. Cooperative Doctoral Program, Doctoral Student Scholarship<\/p><p>DAAD scholarship: University of Freiburg, summer university course: &quot;German language in the world of science and technology&quot;.<\/p>\t\t\t\t\t\t\t\t<\/div>\n\t\t\t\t<\/div>\n\t\t\t\t<\/div>\n\t\t\t\t\t<\/div>\n\t\t\t\t<\/div>\n\t\t<div class=\"elementor-element elementor-element-4d48c23 e-flex e-con-boxed e-con e-parent\" data-id=\"4d48c23\" data-element_type=\"container\" data-e-type=\"container\" data-settings=\"{&quot;background_background&quot;:&quot;classic&quot;}\">\n\t\t\t\t\t<div class=\"e-con-inner\">\n\t\t<div class=\"elementor-element elementor-element-66fcdc6 e-con-full e-flex e-con e-child\" data-id=\"66fcdc6\" data-element_type=\"container\" data-e-type=\"container\">\n\t\t\t\t<div class=\"elementor-element elementor-element-b3ed1de elementor-widget elementor-widget-heading\" data-id=\"b3ed1de\" data-element_type=\"widget\" data-e-type=\"widget\" data-widget_type=\"heading.default\">\n\t\t\t\t<div class=\"elementor-widget-container\">\n\t\t\t\t\t<h2 class=\"elementor-heading-title elementor-size-default\">Publications<\/h2>\t\t\t\t<\/div>\n\t\t\t\t<\/div>\n\t\t\t\t<div class=\"elementor-element elementor-element-5210b41 elementor-widget-divider--view-line elementor-widget elementor-widget-divider\" data-id=\"5210b41\" data-element_type=\"widget\" data-e-type=\"widget\" data-widget_type=\"divider.default\">\n\t\t\t\t<div class=\"elementor-widget-container\">\n\t\t\t\t\t\t\t<div class=\"elementor-divider\">\n\t\t\t<span class=\"elementor-divider-separator\">\n\t\t\t\t\t\t<\/span>\n\t\t<\/div>\n\t\t\t\t\t\t<\/div>\n\t\t\t\t<\/div>\n\t\t\t\t<div class=\"elementor-element elementor-element-0cc4d00 elementor-widget elementor-widget-text-editor\" data-id=\"0cc4d00\" data-element_type=\"widget\" data-e-type=\"widget\" data-widget_type=\"text-editor.default\">\n\t\t\t\t<div class=\"elementor-widget-container\">\n\t\t\t\t\t\t\t\t\t<p><strong><a href=\"https:\/\/m2.mtmt.hu\/api\/author\/10081107\" target=\"_blank\" rel=\"noopener\">Simon, Dorottya Anna<\/a><\/strong>\u00a0;\u00a0<a href=\"https:\/\/m2.mtmt.hu\/api\/author\/10055848\" target=\"_blank\" rel=\"noopener\">T\u00e1las, Andr\u00e1s<\/a>\u00a0;\u00a0<a href=\"https:\/\/m2.mtmt.hu\/api\/author\/10038471\" target=\"_blank\" rel=\"noopener\">Kulcs\u00e1r, P\u00e9ter Istv\u00e1n<\/a>\u00a0;\u00a0<a href=\"https:\/\/m2.mtmt.hu\/api\/author\/10085279\" target=\"_blank\" rel=\"noopener\">Bicz\u00f3k, Zsuzsanna<\/a>\u00a0;\u00a0<a href=\"https:\/\/m2.mtmt.hu\/api\/author\/10061281\" target=\"_blank\" rel=\"noopener\">Krausz, Sarah Laura<\/a>\u00a0;\u00a0<a href=\"https:\/\/m2.mtmt.hu\/api\/author\/10015754\" target=\"_blank\" rel=\"noopener\">V\u00e1rady, Gy\u00f6rgy<\/a>\u00a0;\u00a0<a href=\"https:\/\/m2.mtmt.hu\/api\/author\/10001345\" target=\"_blank\" rel=\"noopener\">Welker, Ervin<\/a><br \/><span style=\"text-decoration: underline;\"><em><a href=\"https:\/\/m2.mtmt.hu\/api\/publication\/32707475\" target=\"_blank\" rel=\"noopener\">PEAR, a flexible fluorescent reporter for the identification and enrichment of successfully primed edited cells<\/a><\/em><\/span><br \/>ELIFE 11 Paper: e69504, 19 p. (2022)<br \/><a href=\"https:\/\/doi.org\/10.7554\/eLife.69504\" target=\"_blank\" rel=\"noopener\">DOI\u00a0 \u00a0<\/a><a href=\"https:\/\/www.webofscience.com\/wos\/woscc\/full-record\/000763416100001\" target=\"_blank\" rel=\"noopener\">WoS\u00a0 \u00a0<\/a>\u00a0<a href=\"http:\/\/real.mtak.hu\/149537\" target=\"_blank\" rel=\"noopener\">REAL\u00a0 \u00a0<\/a><a href=\"http:\/\/www.scopus.com\/record\/display.url?origin=inward&amp;eid=2-s2.0-85125590277\" target=\"_blank\" rel=\"noopener\">Scopus\u00a0 \u00a0<\/a><a href=\"http:\/\/www.ncbi.nlm.nih.gov\/entrez\/query.fcgi?cmd=Retrieve&amp;db=PubMed&amp;list_uids=35196219&amp;dopt=Abstract\" target=\"_blank\" rel=\"noopener\">PubMed<\/a><br \/>Article (Journal Article)<br \/><span style=\"text-decoration: underline;\">Extract:<\/span> The paper presents a new tool called PEAR (Prime Editor Activity Reporter). This reporter system allows researchers to visually identify cells that have been successfully prime edited. The study demonstrates how PEAR can enhance the efficiency of prime editing by enabling the selective enrichment of edited cells. This tool is adaptable for a wide range of genetic modifications, improving the precision and effectiveness of genome editing applications.<\/p><p><a href=\"https:\/\/m2.mtmt.hu\/api\/author\/10055848\" target=\"_blank\" rel=\"noopener\">T\u00e1las, Andr\u00e1s<\/a>\u00a0;\u00a0<strong><a href=\"https:\/\/m2.mtmt.hu\/api\/author\/10081107\" target=\"_blank\" rel=\"noopener\">Simon, Dorottya Anna<\/a><\/strong>\u00a0;\u00a0<a href=\"https:\/\/m2.mtmt.hu\/api\/author\/10038471\" target=\"_blank\" rel=\"noopener\">Kulcs\u00e1r, P\u00e9ter Istv\u00e1n<\/a>\u00a0;\u00a0<a href=\"https:\/\/m2.mtmt.hu\/api\/author\/10078525\" target=\"_blank\" rel=\"noopener\">Varga, \u00c9va<\/a>\u00a0;\u00a0<a href=\"https:\/\/m2.mtmt.hu\/api\/author\/10061281\" target=\"_blank\" rel=\"noopener\">Krausz, Sarah Laura<\/a>\u00a0;\u00a0<a href=\"https:\/\/m2.mtmt.hu\/api\/author\/10001345\" target=\"_blank\" rel=\"noopener\">Welker, Ervin<\/a><br \/><span style=\"text-decoration: underline;\"><em><a href=\"https:\/\/m2.mtmt.hu\/api\/publication\/32480183\" target=\"_blank\" rel=\"noopener\">BEAR reveals that increased fidelity variants can successfully reduce the mismatch tolerance of adenine but not cytosine base editors<\/a><\/em><\/span><br \/>NATURE COMMUNICATIONS 12 : 1 Paper: 6353 , 14 p. (2021)<br \/><a href=\"https:\/\/doi.org\/10.1038\/s41467-021-26461-y\" target=\"_blank\" rel=\"noopener\">DOI\u00a0 \u00a0<\/a><a href=\"https:\/\/www.webofscience.com\/wos\/woscc\/full-record\/000714451200028\" target=\"_blank\" rel=\"noopener\">WoS\u00a0 \u00a0<\/a>\u00a0<a href=\"http:\/\/real.mtak.hu\/137510\" target=\"_blank\" rel=\"noopener\">REAL\u00a0 \u00a0<\/a><a href=\"http:\/\/www.scopus.com\/record\/display.url?origin=inward&amp;eid=2-s2.0-85118547578\" target=\"_blank\" rel=\"noopener\">Scopus\u00a0 \u00a0<\/a><a href=\"http:\/\/www.ncbi.nlm.nih.gov\/entrez\/query.fcgi?cmd=Retrieve&amp;db=PubMed&amp;list_uids=34732717&amp;dopt=Abstract\" target=\"_blank\" rel=\"noopener\">PubMed<\/a><br \/>Article (Journal Article)<\/p>\t\t\t\t\t\t\t\t<\/div>\n\t\t\t\t<\/div>\n\t\t\t\t<\/div>\n\t\t\t\t\t<\/div>\n\t\t\t\t<\/div>\n\t\t\t\t<\/div>","protected":false},"excerpt":{"rendered":"<p>Simon Dorottya Anna PhD-hallgat\u00f3 CRISPR\/Cas9 g\u00e9nszerkeszt\u00e9s, prime editing Tanulm\u00e1nyok 2021 &#8211; jelenlegDoktori iskolaMolekul\u00e1ris orvostudom\u00e1nyokSemmelweis Egyetem (SOTE) 2019 &#8211; 2021Biotechnol\u00f3gia MScGy\u00f3gyszeripari biotechnol\u00f3giaBudapesti M\u0171szaki \u00e9s Gazdas\u00e1gtudom\u00e1nyi Egyetem (BME) \u00e9sE\u00f6tv\u00f6s Lor\u00e1nd Tudom\u00e1nyegyetem (ELTE) 2015 &#8211; 2019Biom\u00e9rn\u00f6k BScEg\u00e9szs\u00e9gv\u00e9delmi specializ\u00e1ci\u00f3Budapesti M\u0171szaki \u00e9s Gazdas\u00e1gtudom\u00e1nyi Egyetem (BME) \u00f6szt\u00f6nd\u00edjak 2022-2025. Kooperat\u00edv Doktori Program, Doktori Hallgat\u00f3i \u00d6szt\u00f6nd\u00edj DAAD-\u00f6szt\u00f6nd\u00edj: Freiburgi Egyetem, ny\u00e1ri egyetemi kurzus: \u201eN\u00e9met [&hellip;]<\/p>","protected":false},"author":1,"featured_media":0,"parent":0,"menu_order":0,"comment_status":"closed","ping_status":"closed","template":"","meta":{"site-sidebar-layout":"no-sidebar","site-content-layout":"page-builder","ast-site-content-layout":"full-width-container","site-content-style":"default","site-sidebar-style":"default","ast-global-header-display":"","ast-banner-title-visibility":"","ast-main-header-display":"","ast-hfb-above-header-display":"","ast-hfb-below-header-display":"","ast-hfb-mobile-header-display":"","site-post-title":"disabled","ast-breadcrumbs-content":"","ast-featured-img":"disabled","footer-sml-layout":"","theme-transparent-header-meta":"","adv-header-id-meta":"","stick-header-meta":"","header-above-stick-meta":"","header-main-stick-meta":"","header-below-stick-meta":"","astra-migrate-meta-layouts":"set","ast-page-background-enabled":"default","ast-page-background-meta":{"desktop":{"background-color":"","background-image":"","background-repeat":"repeat","background-position":"center center","background-size":"auto","background-attachment":"scroll","background-type":"","background-media":"","overlay-type":"","overlay-color":"","overlay-gradient":""},"tablet":{"background-color":"","background-image":"","background-repeat":"repeat","background-position":"center center","background-size":"auto","background-attachment":"scroll","background-type":"","background-media":"","overlay-type":"","overlay-color":"","overlay-gradient":""},"mobile":{"background-color":"","background-image":"","background-repeat":"repeat","background-position":"center center","background-size":"auto","background-attachment":"scroll","background-type":"","background-media":"","overlay-type":"","overlay-color":"","overlay-gradient":""}},"ast-content-background-meta":{"desktop":{"background-color":"var(--ast-global-color-5)","background-image":"","background-repeat":"repeat","background-position":"center center","background-size":"auto","background-attachment":"scroll","background-type":"","background-media":"","overlay-type":"","overlay-color":"","overlay-gradient":""},"tablet":{"background-color":"var(--ast-global-color-5)","background-image":"","background-repeat":"repeat","background-position":"center center","background-size":"auto","background-attachment":"scroll","background-type":"","background-media":"","overlay-type":"","overlay-color":"","overlay-gradient":""},"mobile":{"background-color":"var(--ast-global-color-5)","background-image":"","background-repeat":"repeat","background-position":"center center","background-size":"auto","background-attachment":"scroll","background-type":"","background-media":"","overlay-type":"","overlay-color":"","overlay-gradient":""}},"footnotes":""},"class_list":["post-2092","page","type-page","status-publish","hentry"],"_links":{"self":[{"href":"https:\/\/welkerlab.hu\/en\/wp-json\/wp\/v2\/pages\/2092","targetHints":{"allow":["GET"]}}],"collection":[{"href":"https:\/\/welkerlab.hu\/en\/wp-json\/wp\/v2\/pages"}],"about":[{"href":"https:\/\/welkerlab.hu\/en\/wp-json\/wp\/v2\/types\/page"}],"author":[{"embeddable":true,"href":"https:\/\/welkerlab.hu\/en\/wp-json\/wp\/v2\/users\/1"}],"replies":[{"embeddable":true,"href":"https:\/\/welkerlab.hu\/en\/wp-json\/wp\/v2\/comments?post=2092"}],"version-history":[{"count":37,"href":"https:\/\/welkerlab.hu\/en\/wp-json\/wp\/v2\/pages\/2092\/revisions"}],"predecessor-version":[{"id":2654,"href":"https:\/\/welkerlab.hu\/en\/wp-json\/wp\/v2\/pages\/2092\/revisions\/2654"}],"wp:attachment":[{"href":"https:\/\/welkerlab.hu\/en\/wp-json\/wp\/v2\/media?parent=2092"}],"curies":[{"name":"wp","href":"https:\/\/api.w.org\/{rel}","templated":true}]}}